{"id":2,"date":"2021-09-27T20:04:35","date_gmt":"2021-09-27T18:04:35","guid":{"rendered":"https:\/\/www.znamkyzkoze.sk\/?page_id=2"},"modified":"2021-09-27T20:04:35","modified_gmt":"2021-09-27T18:04:35","slug":"ukazka-strany","status":"publish","type":"page","link":"https:\/\/www.znamkyzkoze.sk\/en\/ukazka-strany\/","title":{"rendered":"Uk\u00e1\u017eka strany"},"content":{"rendered":"<p>Toto je vzorov\u00e1 str\u00e1nka. Je odli\u0161n\u00e1 od blogu, preto\u017ee zostane na jednom mieste a zobraz\u00ed sa vo va\u0161ej navig\u00e1cii na str\u00e1nkach (vo v\u00e4\u010d\u0161ine t\u00e9m). V\u00e4\u010d\u0161ina \u013eud\u00ed za\u010d\u00edna str\u00e1nkou O n\u00e1s, ktor\u00e1 ich predstavuje potenci\u00e1lnym n\u00e1v\u0161tevn\u00edkom. Mohlo by to vyzera\u0165 nejak takto:<\/p><blockquote class=\"wp-block-quote is-layout-flow wp-block-quote-is-layout-flow\"><p>Ahojte! Cez de\u0148 pracujem ako posl\u00ed\u010dek na bicykli, po nociach rob\u00edm najlep\u0161ie drinky v pr\u00edjemnom bare a toto je moja webstr\u00e1nka. B\u00fdvam v Tren\u010d\u00edne, m\u00e1m \u0161kre\u010dka Igora a niekedy m\u00e1m rande aj so svoj\u00edm mestom (nejdem do baru ale napr. len tak chod\u00edm).<\/p><\/blockquote><p>&#8230;alebo nie\u010do tak\u00e9to:<\/p><blockquote class=\"wp-block-quote is-layout-flow wp-block-quote-is-layout-flow\"><p>Spolo\u010dnos\u0165 XYZ Doohickey bola zalo\u017een\u00e1 v roku 1971 a odvtedy poskytuje verejnosti kvalitn\u00e9 slu\u017eby. Nach\u00e1dza sa v meste Gotham City, XYZ zamestn\u00e1va viac ako 2 000 \u013eud\u00ed a rob\u00ed v\u0161etky druhy \u00fa\u017easn\u00fdch vec\u00ed pre komunitu Gotham.<\/p><\/blockquote><p>Ako nov\u00fd pou\u017e\u00edvate\u013e WordPress m\u00f4\u017eete prejs\u0165 na  <a href=\"https:\/\/www.znamkyzkoze.sk\/wp-admin\/\">va\u0161u n\u00e1stenku<\/a>, zmaza\u0165 t\u00fato str\u00e1nku a vytvori\u0165 nov\u00e9 str\u00e1nky pre v\u00e1\u0161 obsah. Bavte sa!<\/p>","protected":false},"excerpt":{"rendered":"<p>Toto je vzorov\u00e1 str\u00e1nka. Je odli\u0161n\u00e1 od blogu, preto\u017ee zostane na jednom mieste a zobraz\u00ed sa vo va\u0161ej navig\u00e1cii na str\u00e1nkach (vo v\u00e4\u010d\u0161ine t\u00e9m). V\u00e4\u010d\u0161ina \u013eud\u00ed za\u010d\u00edna str\u00e1nkou O n\u00e1s, ktor\u00e1 ich predstavuje potenci\u00e1lnym n\u00e1v\u0161tevn\u00edkom. Mohlo by to vyzera\u0165 nejak takto: Ahojte! Cez de\u0148 pracujem ako posl\u00ed\u010dek na bicykli, po nociach rob\u00edm najlep\u0161ie drinky v [&hellip;] <a class=\"g1-link g1-link-more\" href=\"https:\/\/www.znamkyzkoze.sk\/en\/ukazka-strany\/\">More<\/a><\/p>","protected":false},"author":1,"featured_media":0,"parent":0,"menu_order":0,"comment_status":"closed","ping_status":"open","template":"","meta":{"footnotes":""},"class_list":["post-2","page","type-page","status-publish"],"yoast_head":"<!-- This site is optimized with the Yoast SEO plugin v25.2 - https:\/\/yoast.com\/wordpress\/plugins\/seo\/ -->\n<title>Uk\u00e1\u017eka strany - Psie zn\u00e1mky z ko\u017ee<\/title>\n<meta name=\"robots\" content=\"index, follow, max-snippet:-1, max-image-preview:large, max-video-preview:-1\" \/>\n<link rel=\"canonical\" href=\"https:\/\/www.znamkyzkoze.sk\/en\/ukazka-strany\/\" \/>\n<meta property=\"og:locale\" content=\"en_GB\" \/>\n<meta property=\"og:type\" content=\"article\" \/>\n<meta property=\"og:title\" content=\"Uk\u00e1\u017eka strany - Psie zn\u00e1mky z ko\u017ee\" \/>\n<meta property=\"og:description\" content=\"Toto je vzorov\u00e1 str\u00e1nka. Je odli\u0161n\u00e1 od blogu, preto\u017ee zostane na jednom mieste a zobraz\u00ed sa vo va\u0161ej navig\u00e1cii na str\u00e1nkach (vo v\u00e4\u010d\u0161ine t\u00e9m). V\u00e4\u010d\u0161ina \u013eud\u00ed za\u010d\u00edna str\u00e1nkou O n\u00e1s, ktor\u00e1 ich predstavuje potenci\u00e1lnym n\u00e1v\u0161tevn\u00edkom. Mohlo by to vyzera\u0165 nejak takto: Ahojte! Cez de\u0148 pracujem ako posl\u00ed\u010dek na bicykli, po nociach rob\u00edm najlep\u0161ie drinky v [&hellip;] More\" \/>\n<meta property=\"og:url\" content=\"https:\/\/www.znamkyzkoze.sk\/en\/ukazka-strany\/\" \/>\n<meta property=\"og:site_name\" content=\"Psie zn\u00e1mky z ko\u017ee\" \/>\n<meta property=\"article:publisher\" content=\"https:\/\/www.facebook.com\/tenciernypes\/\" \/>\n<meta name=\"twitter:card\" content=\"summary_large_image\" \/>\n<meta name=\"twitter:label1\" content=\"Estimated reading time\" \/>\n\t<meta name=\"twitter:data1\" content=\"1 minute\" \/>\n<script type=\"application\/ld+json\" class=\"yoast-schema-graph\">{\"@context\":\"https:\/\/schema.org\",\"@graph\":[{\"@type\":\"WebPage\",\"@id\":\"https:\/\/www.znamkyzkoze.sk\/ukazka-strany\/\",\"url\":\"https:\/\/www.znamkyzkoze.sk\/ukazka-strany\/\",\"name\":\"Uk\u00e1\u017eka strany - Psie zn\u00e1mky z ko\u017ee\",\"isPartOf\":{\"@id\":\"https:\/\/www.znamkyzkoze.sk\/#website\"},\"datePublished\":\"2021-09-27T18:04:35+00:00\",\"breadcrumb\":{\"@id\":\"https:\/\/www.znamkyzkoze.sk\/ukazka-strany\/#breadcrumb\"},\"inLanguage\":\"en-GB\",\"potentialAction\":[{\"@type\":\"ReadAction\",\"target\":[\"https:\/\/www.znamkyzkoze.sk\/ukazka-strany\/\"]}]},{\"@type\":\"BreadcrumbList\",\"@id\":\"https:\/\/www.znamkyzkoze.sk\/ukazka-strany\/#breadcrumb\",\"itemListElement\":[{\"@type\":\"ListItem\",\"position\":1,\"name\":\"Domovsk\u00e1 str\u00e1nka\",\"item\":\"https:\/\/www.znamkyzkoze.sk\/\"},{\"@type\":\"ListItem\",\"position\":2,\"name\":\"Uk\u00e1\u017eka strany\"}]},{\"@type\":\"WebSite\",\"@id\":\"https:\/\/www.znamkyzkoze.sk\/#website\",\"url\":\"https:\/\/www.znamkyzkoze.sk\/\",\"name\":\"Psie zn\u00e1mky z ko\u017ee\",\"description\":\"psie zn\u00e1mky z pravej ko\u017ee\",\"publisher\":{\"@id\":\"https:\/\/www.znamkyzkoze.sk\/#\/schema\/person\/ee01a72780f67ce76a73f7031d2cb5f9\"},\"potentialAction\":[{\"@type\":\"SearchAction\",\"target\":{\"@type\":\"EntryPoint\",\"urlTemplate\":\"https:\/\/www.znamkyzkoze.sk\/?s={search_term_string}\"},\"query-input\":{\"@type\":\"PropertyValueSpecification\",\"valueRequired\":true,\"valueName\":\"search_term_string\"}}],\"inLanguage\":\"en-GB\"},{\"@type\":[\"Person\",\"Organization\"],\"@id\":\"https:\/\/www.znamkyzkoze.sk\/#\/schema\/person\/ee01a72780f67ce76a73f7031d2cb5f9\",\"name\":\"Ten \u010cierny Pes\",\"image\":{\"@type\":\"ImageObject\",\"inLanguage\":\"en-GB\",\"@id\":\"https:\/\/www.znamkyzkoze.sk\/#\/schema\/person\/image\/\",\"url\":\"https:\/\/www.znamkyzkoze.sk\/wp-content\/uploads\/2022\/02\/logo__pes_znamky.jpg\",\"contentUrl\":\"https:\/\/www.znamkyzkoze.sk\/wp-content\/uploads\/2022\/02\/logo__pes_znamky.jpg\",\"width\":600,\"height\":600,\"caption\":\"Ten \u010cierny Pes\"},\"logo\":{\"@id\":\"https:\/\/www.znamkyzkoze.sk\/#\/schema\/person\/image\/\"},\"description\":\"Som Peter a vyr\u00e1bam kvalitn\u00e9 psie zn\u00e1mky z pravej kravskej hladenice.\",\"sameAs\":[\"https:\/\/www.znamkyzkoze.sk\",\"https:\/\/www.facebook.com\/tenciernypes\/\",\"https:\/\/www.instagram.com\/tenciernypes\/\",\"https:\/\/sk.pinterest.com\/Tenciernypes\/\"]}]}<\/script>\n<!-- \/ Yoast SEO plugin. -->","yoast_head_json":{"title":"Uk\u00e1\u017eka strany - Psie zn\u00e1mky z ko\u017ee","robots":{"index":"index","follow":"follow","max-snippet":"max-snippet:-1","max-image-preview":"max-image-preview:large","max-video-preview":"max-video-preview:-1"},"canonical":"https:\/\/www.znamkyzkoze.sk\/en\/ukazka-strany\/","og_locale":"en_GB","og_type":"article","og_title":"Uk\u00e1\u017eka strany - Psie zn\u00e1mky z ko\u017ee","og_description":"Toto je vzorov\u00e1 str\u00e1nka. Je odli\u0161n\u00e1 od blogu, preto\u017ee zostane na jednom mieste a zobraz\u00ed sa vo va\u0161ej navig\u00e1cii na str\u00e1nkach (vo v\u00e4\u010d\u0161ine t\u00e9m). V\u00e4\u010d\u0161ina \u013eud\u00ed za\u010d\u00edna str\u00e1nkou O n\u00e1s, ktor\u00e1 ich predstavuje potenci\u00e1lnym n\u00e1v\u0161tevn\u00edkom. Mohlo by to vyzera\u0165 nejak takto: Ahojte! Cez de\u0148 pracujem ako posl\u00ed\u010dek na bicykli, po nociach rob\u00edm najlep\u0161ie drinky v [&hellip;] More","og_url":"https:\/\/www.znamkyzkoze.sk\/en\/ukazka-strany\/","og_site_name":"Psie zn\u00e1mky z ko\u017ee","article_publisher":"https:\/\/www.facebook.com\/tenciernypes\/","twitter_card":"summary_large_image","twitter_misc":{"Estimated reading time":"1 minute"},"schema":{"@context":"https:\/\/schema.org","@graph":[{"@type":"WebPage","@id":"https:\/\/www.znamkyzkoze.sk\/ukazka-strany\/","url":"https:\/\/www.znamkyzkoze.sk\/ukazka-strany\/","name":"Uk\u00e1\u017eka strany - Psie zn\u00e1mky z ko\u017ee","isPartOf":{"@id":"https:\/\/www.znamkyzkoze.sk\/#website"},"datePublished":"2021-09-27T18:04:35+00:00","breadcrumb":{"@id":"https:\/\/www.znamkyzkoze.sk\/ukazka-strany\/#breadcrumb"},"inLanguage":"en-GB","potentialAction":[{"@type":"ReadAction","target":["https:\/\/www.znamkyzkoze.sk\/ukazka-strany\/"]}]},{"@type":"BreadcrumbList","@id":"https:\/\/www.znamkyzkoze.sk\/ukazka-strany\/#breadcrumb","itemListElement":[{"@type":"ListItem","position":1,"name":"Domovsk\u00e1 str\u00e1nka","item":"https:\/\/www.znamkyzkoze.sk\/"},{"@type":"ListItem","position":2,"name":"Uk\u00e1\u017eka strany"}]},{"@type":"WebSite","@id":"https:\/\/www.znamkyzkoze.sk\/#website","url":"https:\/\/www.znamkyzkoze.sk\/","name":"Psie zn\u00e1mky z ko\u017ee","description":"psie zn\u00e1mky z pravej ko\u017ee","publisher":{"@id":"https:\/\/www.znamkyzkoze.sk\/#\/schema\/person\/ee01a72780f67ce76a73f7031d2cb5f9"},"potentialAction":[{"@type":"SearchAction","target":{"@type":"EntryPoint","urlTemplate":"https:\/\/www.znamkyzkoze.sk\/?s={search_term_string}"},"query-input":{"@type":"PropertyValueSpecification","valueRequired":true,"valueName":"search_term_string"}}],"inLanguage":"en-GB"},{"@type":["Person","Organization"],"@id":"https:\/\/www.znamkyzkoze.sk\/#\/schema\/person\/ee01a72780f67ce76a73f7031d2cb5f9","name":"Ten \u010cierny Pes","image":{"@type":"ImageObject","inLanguage":"en-GB","@id":"https:\/\/www.znamkyzkoze.sk\/#\/schema\/person\/image\/","url":"https:\/\/www.znamkyzkoze.sk\/wp-content\/uploads\/2022\/02\/logo__pes_znamky.jpg","contentUrl":"https:\/\/www.znamkyzkoze.sk\/wp-content\/uploads\/2022\/02\/logo__pes_znamky.jpg","width":600,"height":600,"caption":"Ten \u010cierny Pes"},"logo":{"@id":"https:\/\/www.znamkyzkoze.sk\/#\/schema\/person\/image\/"},"description":"Som Peter a vyr\u00e1bam kvalitn\u00e9 psie zn\u00e1mky z pravej kravskej hladenice.","sameAs":["https:\/\/www.znamkyzkoze.sk","https:\/\/www.facebook.com\/tenciernypes\/","https:\/\/www.instagram.com\/tenciernypes\/","https:\/\/sk.pinterest.com\/Tenciernypes\/"]}]}},"wps_subtitle":"","jetpack_sharing_enabled":true,"_links":{"self":[{"href":"https:\/\/www.znamkyzkoze.sk\/en\/wp-json\/wp\/v2\/pages\/2","targetHints":{"allow":["GET"]}}],"collection":[{"href":"https:\/\/www.znamkyzkoze.sk\/en\/wp-json\/wp\/v2\/pages"}],"about":[{"href":"https:\/\/www.znamkyzkoze.sk\/en\/wp-json\/wp\/v2\/types\/page"}],"author":[{"embeddable":true,"href":"https:\/\/www.znamkyzkoze.sk\/en\/wp-json\/wp\/v2\/users\/1"}],"replies":[{"embeddable":true,"href":"https:\/\/www.znamkyzkoze.sk\/en\/wp-json\/wp\/v2\/comments?post=2"}],"version-history":[{"count":0,"href":"https:\/\/www.znamkyzkoze.sk\/en\/wp-json\/wp\/v2\/pages\/2\/revisions"}],"wp:attachment":[{"href":"https:\/\/www.znamkyzkoze.sk\/en\/wp-json\/wp\/v2\/media?parent=2"}],"curies":[{"name":"wp","href":"https:\/\/api.w.org\/{rel}","templated":true}]}}