{"id":3141,"date":"2021-10-02T23:34:39","date_gmt":"2021-10-02T21:34:39","guid":{"rendered":"https:\/\/www.znamkyzkoze.sk\/?page_id=3141"},"modified":"2022-09-13T23:00:30","modified_gmt":"2022-09-13T21:00:30","slug":"o-nas","status":"publish","type":"page","link":"https:\/\/www.znamkyzkoze.sk\/en\/o-nas\/","title":{"rendered":"About"},"content":{"rendered":"<p class=\"has-text-align-left\">These pages have started as a blog about our shelter dog Ellie. Ellie is part of our family since 2016 and since she's been with us we have lots of fun. You can read about that on our <a href=\"https:\/\/www.tenciernypes.com\/category\/blog\/\" data-type=\"URL\" data-id=\"https:\/\/www.tenciernypes.com\/category\/blog\/\">b<\/a><a rel=\"noreferrer noopener\" href=\"https:\/\/www.znamkyzkoze.sk\/en\/category\/blog\/\" data-type=\"URL\" target=\"_blank\">log<\/a>. <\/p><figure class=\"wp-block-image size-large is-resized\"><img fetchpriority=\"high\" decoding=\"async\" data-expand=\"600\" src=\"data:image\/svg+xml;charset=utf-8,%3Csvg xmlns%3D'http%3A%2F%2Fwww.w3.org%2F2000%2Fsvg' viewBox%3D'0 0 661 1175'%2F%3E\" data-src=\"https:\/\/www.znamkyzkoze.sk\/wp-content\/uploads\/2021\/12\/P1520515-2-576x1024.jpg\" alt=\"\" class=\"lazyload wp-image-3316\" width=\"661\" height=\"1175\"\/><\/figure><p class=\"has-text-align-left\">We've always wanted to improve and add also something else to this website and since we like to be creative and we enjoy making things we've come up with the leather dog tags. <\/p><p class=\"has-text-align-left\">They are all handmade from the top quality cow leather (cow hide) of the Slovak origin. They are cut, laser engraved, colored by hand and burnished. At the end the acrylic coat is applied and edges are painted. This makes the tags more water resistant.<\/p><div class=\"wp-block-columns are-vertically-aligned-top is-layout-flex wp-container-core-columns-is-layout-9d6595d7 wp-block-columns-is-layout-flex\"><div class=\"wp-block-column is-vertically-aligned-top is-layout-flow wp-block-column-is-layout-flow\" style=\"flex-basis:100%\"><p>We are constantly trying to come up with the new designs but if the ones we offer are not according to your needs feel free provide your own. We will help you to bring your own dog tags idea to life. <\/p><\/div><\/div><p>Best way to reach to us is via whatsapp (green button on top) or email us at <\/p><p><strong>info (at) znamkyzkoze.sk<\/strong><\/p>","protected":false},"excerpt":{"rendered":"<p>Tieto str\u00e1nky za\u010dali ako blog o na\u0161om ps\u00edkovi menom Ellie. Ellie je&nbsp;\u010dlenom na\u0161ej rodiny od roku 2016 a odkedy je s nami, m\u00e1me o z\u00e1bavu postaran\u00e9. Ve\u010f si pre\u010d\u00edtajte na na\u0161om blogu. \u010casom pri\u0161iel n\u00e1pad tro\u0161ku vyu\u017ei\u0165 na\u0161u z\u00e1\u013eubu v ru\u010dnej v\u00fdrobe a prida\u0165 sem mo\u017enos\u0165 zak\u00fapi\u0165 si psie zn\u00e1mky, ktor\u00e9 sme doteraz vyr\u00e1bali len [&hellip;] <a class=\"g1-link g1-link-more\" href=\"https:\/\/www.znamkyzkoze.sk\/en\/o-nas\/\">More<\/a><\/p>","protected":false},"author":1,"featured_media":0,"parent":0,"menu_order":0,"comment_status":"closed","ping_status":"closed","template":"elementor_theme","meta":{"footnotes":""},"class_list":["post-3141","page","type-page","status-publish"],"yoast_head":"<!-- This site is optimized with the Yoast SEO plugin v25.2 - https:\/\/yoast.com\/wordpress\/plugins\/seo\/ -->\n<title>O n\u00e1s - Psie zn\u00e1mky z ko\u017ee<\/title>\n<meta name=\"robots\" content=\"index, follow, max-snippet:-1, max-image-preview:large, max-video-preview:-1\" \/>\n<link rel=\"canonical\" href=\"https:\/\/www.znamkyzkoze.sk\/en\/o-nas\/\" \/>\n<meta property=\"og:locale\" content=\"en_GB\" \/>\n<meta property=\"og:type\" content=\"article\" \/>\n<meta property=\"og:title\" content=\"O n\u00e1s - Psie zn\u00e1mky z ko\u017ee\" \/>\n<meta property=\"og:description\" content=\"Tieto str\u00e1nky za\u010dali ako blog o na\u0161om ps\u00edkovi menom Ellie. Ellie je&nbsp;\u010dlenom na\u0161ej rodiny od roku 2016 a odkedy je s nami, m\u00e1me o z\u00e1bavu postaran\u00e9. Ve\u010f si pre\u010d\u00edtajte na na\u0161om blogu. \u010casom pri\u0161iel n\u00e1pad tro\u0161ku vyu\u017ei\u0165 na\u0161u z\u00e1\u013eubu v ru\u010dnej v\u00fdrobe a prida\u0165 sem mo\u017enos\u0165 zak\u00fapi\u0165 si psie zn\u00e1mky, ktor\u00e9 sme doteraz vyr\u00e1bali len [&hellip;] More\" \/>\n<meta property=\"og:url\" content=\"https:\/\/www.znamkyzkoze.sk\/en\/o-nas\/\" \/>\n<meta property=\"og:site_name\" content=\"Psie zn\u00e1mky z ko\u017ee\" \/>\n<meta property=\"article:publisher\" content=\"https:\/\/www.facebook.com\/tenciernypes\/\" \/>\n<meta property=\"article:modified_time\" content=\"2022-09-13T21:00:30+00:00\" \/>\n<meta property=\"og:image\" content=\"https:\/\/www.znamkyzkoze.sk\/wp-content\/uploads\/2021\/12\/P1520515-2-576x1024.jpg\" \/>\n<meta name=\"twitter:card\" content=\"summary_large_image\" \/>\n<meta name=\"twitter:label1\" content=\"Estimated reading time\" \/>\n\t<meta name=\"twitter:data1\" content=\"2 minutes\" \/>\n<script type=\"application\/ld+json\" class=\"yoast-schema-graph\">{\"@context\":\"https:\/\/schema.org\",\"@graph\":[{\"@type\":\"WebPage\",\"@id\":\"https:\/\/www.znamkyzkoze.sk\/o-nas\/\",\"url\":\"https:\/\/www.znamkyzkoze.sk\/o-nas\/\",\"name\":\"O n\u00e1s - Psie zn\u00e1mky z ko\u017ee\",\"isPartOf\":{\"@id\":\"https:\/\/www.znamkyzkoze.sk\/#website\"},\"primaryImageOfPage\":{\"@id\":\"https:\/\/www.znamkyzkoze.sk\/o-nas\/#primaryimage\"},\"image\":{\"@id\":\"https:\/\/www.znamkyzkoze.sk\/o-nas\/#primaryimage\"},\"thumbnailUrl\":\"https:\/\/www.znamkyzkoze.sk\/wp-content\/uploads\/2021\/12\/P1520515-2-576x1024.jpg\",\"datePublished\":\"2021-10-02T21:34:39+00:00\",\"dateModified\":\"2022-09-13T21:00:30+00:00\",\"breadcrumb\":{\"@id\":\"https:\/\/www.znamkyzkoze.sk\/o-nas\/#breadcrumb\"},\"inLanguage\":\"en-GB\",\"potentialAction\":[{\"@type\":\"ReadAction\",\"target\":[\"https:\/\/www.znamkyzkoze.sk\/o-nas\/\"]}]},{\"@type\":\"ImageObject\",\"inLanguage\":\"en-GB\",\"@id\":\"https:\/\/www.znamkyzkoze.sk\/o-nas\/#primaryimage\",\"url\":\"https:\/\/www.znamkyzkoze.sk\/wp-content\/uploads\/2021\/12\/P1520515-2-576x1024.jpg\",\"contentUrl\":\"https:\/\/www.znamkyzkoze.sk\/wp-content\/uploads\/2021\/12\/P1520515-2-576x1024.jpg\"},{\"@type\":\"BreadcrumbList\",\"@id\":\"https:\/\/www.znamkyzkoze.sk\/o-nas\/#breadcrumb\",\"itemListElement\":[{\"@type\":\"ListItem\",\"position\":1,\"name\":\"Domovsk\u00e1 str\u00e1nka\",\"item\":\"https:\/\/www.znamkyzkoze.sk\/\"},{\"@type\":\"ListItem\",\"position\":2,\"name\":\"O n\u00e1s\"}]},{\"@type\":\"WebSite\",\"@id\":\"https:\/\/www.znamkyzkoze.sk\/#website\",\"url\":\"https:\/\/www.znamkyzkoze.sk\/\",\"name\":\"Psie zn\u00e1mky z ko\u017ee\",\"description\":\"psie zn\u00e1mky z pravej ko\u017ee\",\"publisher\":{\"@id\":\"https:\/\/www.znamkyzkoze.sk\/#\/schema\/person\/ee01a72780f67ce76a73f7031d2cb5f9\"},\"potentialAction\":[{\"@type\":\"SearchAction\",\"target\":{\"@type\":\"EntryPoint\",\"urlTemplate\":\"https:\/\/www.znamkyzkoze.sk\/?s={search_term_string}\"},\"query-input\":{\"@type\":\"PropertyValueSpecification\",\"valueRequired\":true,\"valueName\":\"search_term_string\"}}],\"inLanguage\":\"en-GB\"},{\"@type\":[\"Person\",\"Organization\"],\"@id\":\"https:\/\/www.znamkyzkoze.sk\/#\/schema\/person\/ee01a72780f67ce76a73f7031d2cb5f9\",\"name\":\"Ten \u010cierny Pes\",\"image\":{\"@type\":\"ImageObject\",\"inLanguage\":\"en-GB\",\"@id\":\"https:\/\/www.znamkyzkoze.sk\/#\/schema\/person\/image\/\",\"url\":\"https:\/\/www.znamkyzkoze.sk\/wp-content\/uploads\/2022\/02\/logo__pes_znamky.jpg\",\"contentUrl\":\"https:\/\/www.znamkyzkoze.sk\/wp-content\/uploads\/2022\/02\/logo__pes_znamky.jpg\",\"width\":600,\"height\":600,\"caption\":\"Ten \u010cierny Pes\"},\"logo\":{\"@id\":\"https:\/\/www.znamkyzkoze.sk\/#\/schema\/person\/image\/\"},\"description\":\"Som Peter a vyr\u00e1bam kvalitn\u00e9 psie zn\u00e1mky z pravej kravskej hladenice.\",\"sameAs\":[\"https:\/\/www.znamkyzkoze.sk\",\"https:\/\/www.facebook.com\/tenciernypes\/\",\"https:\/\/www.instagram.com\/tenciernypes\/\",\"https:\/\/sk.pinterest.com\/Tenciernypes\/\"]}]}<\/script>\n<!-- \/ Yoast SEO plugin. -->","yoast_head_json":{"title":"O n\u00e1s - Psie zn\u00e1mky z ko\u017ee","robots":{"index":"index","follow":"follow","max-snippet":"max-snippet:-1","max-image-preview":"max-image-preview:large","max-video-preview":"max-video-preview:-1"},"canonical":"https:\/\/www.znamkyzkoze.sk\/en\/o-nas\/","og_locale":"en_GB","og_type":"article","og_title":"O n\u00e1s - Psie zn\u00e1mky z ko\u017ee","og_description":"Tieto str\u00e1nky za\u010dali ako blog o na\u0161om ps\u00edkovi menom Ellie. Ellie je&nbsp;\u010dlenom na\u0161ej rodiny od roku 2016 a odkedy je s nami, m\u00e1me o z\u00e1bavu postaran\u00e9. Ve\u010f si pre\u010d\u00edtajte na na\u0161om blogu. \u010casom pri\u0161iel n\u00e1pad tro\u0161ku vyu\u017ei\u0165 na\u0161u z\u00e1\u013eubu v ru\u010dnej v\u00fdrobe a prida\u0165 sem mo\u017enos\u0165 zak\u00fapi\u0165 si psie zn\u00e1mky, ktor\u00e9 sme doteraz vyr\u00e1bali len [&hellip;] More","og_url":"https:\/\/www.znamkyzkoze.sk\/en\/o-nas\/","og_site_name":"Psie zn\u00e1mky z ko\u017ee","article_publisher":"https:\/\/www.facebook.com\/tenciernypes\/","article_modified_time":"2022-09-13T21:00:30+00:00","og_image":[{"url":"https:\/\/www.znamkyzkoze.sk\/wp-content\/uploads\/2021\/12\/P1520515-2-576x1024.jpg","type":"","width":"","height":""}],"twitter_card":"summary_large_image","twitter_misc":{"Estimated reading time":"2 minutes"},"schema":{"@context":"https:\/\/schema.org","@graph":[{"@type":"WebPage","@id":"https:\/\/www.znamkyzkoze.sk\/o-nas\/","url":"https:\/\/www.znamkyzkoze.sk\/o-nas\/","name":"O n\u00e1s - Psie zn\u00e1mky z ko\u017ee","isPartOf":{"@id":"https:\/\/www.znamkyzkoze.sk\/#website"},"primaryImageOfPage":{"@id":"https:\/\/www.znamkyzkoze.sk\/o-nas\/#primaryimage"},"image":{"@id":"https:\/\/www.znamkyzkoze.sk\/o-nas\/#primaryimage"},"thumbnailUrl":"https:\/\/www.znamkyzkoze.sk\/wp-content\/uploads\/2021\/12\/P1520515-2-576x1024.jpg","datePublished":"2021-10-02T21:34:39+00:00","dateModified":"2022-09-13T21:00:30+00:00","breadcrumb":{"@id":"https:\/\/www.znamkyzkoze.sk\/o-nas\/#breadcrumb"},"inLanguage":"en-GB","potentialAction":[{"@type":"ReadAction","target":["https:\/\/www.znamkyzkoze.sk\/o-nas\/"]}]},{"@type":"ImageObject","inLanguage":"en-GB","@id":"https:\/\/www.znamkyzkoze.sk\/o-nas\/#primaryimage","url":"https:\/\/www.znamkyzkoze.sk\/wp-content\/uploads\/2021\/12\/P1520515-2-576x1024.jpg","contentUrl":"https:\/\/www.znamkyzkoze.sk\/wp-content\/uploads\/2021\/12\/P1520515-2-576x1024.jpg"},{"@type":"BreadcrumbList","@id":"https:\/\/www.znamkyzkoze.sk\/o-nas\/#breadcrumb","itemListElement":[{"@type":"ListItem","position":1,"name":"Domovsk\u00e1 str\u00e1nka","item":"https:\/\/www.znamkyzkoze.sk\/"},{"@type":"ListItem","position":2,"name":"O n\u00e1s"}]},{"@type":"WebSite","@id":"https:\/\/www.znamkyzkoze.sk\/#website","url":"https:\/\/www.znamkyzkoze.sk\/","name":"Psie zn\u00e1mky z ko\u017ee","description":"psie zn\u00e1mky z pravej ko\u017ee","publisher":{"@id":"https:\/\/www.znamkyzkoze.sk\/#\/schema\/person\/ee01a72780f67ce76a73f7031d2cb5f9"},"potentialAction":[{"@type":"SearchAction","target":{"@type":"EntryPoint","urlTemplate":"https:\/\/www.znamkyzkoze.sk\/?s={search_term_string}"},"query-input":{"@type":"PropertyValueSpecification","valueRequired":true,"valueName":"search_term_string"}}],"inLanguage":"en-GB"},{"@type":["Person","Organization"],"@id":"https:\/\/www.znamkyzkoze.sk\/#\/schema\/person\/ee01a72780f67ce76a73f7031d2cb5f9","name":"Ten \u010cierny Pes","image":{"@type":"ImageObject","inLanguage":"en-GB","@id":"https:\/\/www.znamkyzkoze.sk\/#\/schema\/person\/image\/","url":"https:\/\/www.znamkyzkoze.sk\/wp-content\/uploads\/2022\/02\/logo__pes_znamky.jpg","contentUrl":"https:\/\/www.znamkyzkoze.sk\/wp-content\/uploads\/2022\/02\/logo__pes_znamky.jpg","width":600,"height":600,"caption":"Ten \u010cierny Pes"},"logo":{"@id":"https:\/\/www.znamkyzkoze.sk\/#\/schema\/person\/image\/"},"description":"Som Peter a vyr\u00e1bam kvalitn\u00e9 psie zn\u00e1mky z pravej kravskej hladenice.","sameAs":["https:\/\/www.znamkyzkoze.sk","https:\/\/www.facebook.com\/tenciernypes\/","https:\/\/www.instagram.com\/tenciernypes\/","https:\/\/sk.pinterest.com\/Tenciernypes\/"]}]}},"wps_subtitle":"","jetpack_sharing_enabled":true,"_links":{"self":[{"href":"https:\/\/www.znamkyzkoze.sk\/en\/wp-json\/wp\/v2\/pages\/3141","targetHints":{"allow":["GET"]}}],"collection":[{"href":"https:\/\/www.znamkyzkoze.sk\/en\/wp-json\/wp\/v2\/pages"}],"about":[{"href":"https:\/\/www.znamkyzkoze.sk\/en\/wp-json\/wp\/v2\/types\/page"}],"author":[{"embeddable":true,"href":"https:\/\/www.znamkyzkoze.sk\/en\/wp-json\/wp\/v2\/users\/1"}],"replies":[{"embeddable":true,"href":"https:\/\/www.znamkyzkoze.sk\/en\/wp-json\/wp\/v2\/comments?post=3141"}],"version-history":[{"count":37,"href":"https:\/\/www.znamkyzkoze.sk\/en\/wp-json\/wp\/v2\/pages\/3141\/revisions"}],"predecessor-version":[{"id":5475,"href":"https:\/\/www.znamkyzkoze.sk\/en\/wp-json\/wp\/v2\/pages\/3141\/revisions\/5475"}],"wp:attachment":[{"href":"https:\/\/www.znamkyzkoze.sk\/en\/wp-json\/wp\/v2\/media?parent=3141"}],"curies":[{"name":"wp","href":"https:\/\/api.w.org\/{rel}","templated":true}]}}