{"id":3152,"date":"2021-10-03T23:26:33","date_gmt":"2021-10-03T21:26:33","guid":{"rendered":"https:\/\/www.znamkyzkoze.sk\/?page_id=3152"},"modified":"2024-02-19T20:40:49","modified_gmt":"2024-02-19T19:40:49","slug":"o-znamkach","status":"publish","type":"page","link":"https:\/\/www.znamkyzkoze.sk\/en\/o-znamkach\/","title":{"rendered":"F.A.Q"},"content":{"rendered":"<figure class=\"wp-block-image size-large\"><img decoding=\"async\" data-expand=\"600\" src=\"data:image\/svg+xml;charset=utf-8,%3Csvg xmlns%3D'http%3A%2F%2Fwww.w3.org%2F2000%2Fsvg' viewBox%3D'0 0 1 1'%2F%3E\" data-src=\"https:\/\/www.znamkyzkoze.sk\/wp-content\/uploads\/2022\/01\/P1560749-769x1024.jpg\" alt=\"\" class=\"lazyload wp-image-3390\"\/><\/figure><p><strong>How long will I wait for my order?<\/strong><\/p><p>Our aim is to get your order to you as soon as possible. In Slovakia it takes about two weeks (maximum) from the moment of placing the order to the actual delivery. For the rest of the world it really depends but one thing for sure you will always be provided with the tracking information <\/p><p><strong>Why can't I pay upon delivery?<\/strong><\/p><p>Some people have a habit of not accepting packages. This costs us time and money. Also our dog can't wear the dogtags with someone else's name and a telephone number :)<\/p><p><strong>How should I take care of these dogtags?<\/strong><\/p><p>If you want them to last as long as possible you should wipe them clean every time they get dirty and apply leather treatment - ideally something with the beeswax in it...<\/p><p><strong>Will there be some new designs?<\/strong><\/p><p>Bud\u00fa \ud83d\ude42 Ak ale nos\u00edte v hlave v\u00e1\u0161 vlastn\u00fd, nap\u00ed\u0161te n\u00e1m cez kontaktn\u00fd formul\u00e1r alebo whatsapp a nie\u010do vymysl\u00edme.<\/p><p><strong>Where do you deliver?<\/strong><\/p><p>We normally ship to any member state of the EU but we can ship anywhere in the world if we agree in advance. Price will depend on the pricelist of the Slovak post. <\/p><p><strong>Will there be some different colors? <\/strong><\/p><p>Absolutely :) We are always testing the new colors, once we find the perfect balance between readability and color we add it to our portfolio.<\/p><p><strong>Can I have the each tag in a different color?<\/strong><\/p><p>Absolutely, just let us know in the checkout process <\/p><p><strong>What's the size of the dogtags?<\/strong><\/p><p>They have a shape of a triangle which would fit into a square of 3,8cmx3,8cm<\/p><p><\/p><p><strong>Ak\u00e9 farby m\u00e1te aktu\u00e1lne v ponuke?<\/strong><\/p><p>Aktu\u00e1lne m\u00e1me v ponuke zn\u00e1mky v \u010dervenej, hnedej, \u017eltej, tyrkysovej a v dvoch odtie\u0148och zelenej &#8211; Kelly Green a Aqua Green<\/p><figure class=\"wp-block-image size-large\"><img decoding=\"async\" data-expand=\"600\" src=\"data:image\/svg+xml;charset=utf-8,%3Csvg xmlns%3D'http%3A%2F%2Fwww.w3.org%2F2000%2Fsvg' viewBox%3D'0 0 1 1'%2F%3E\" data-src=\"https:\/\/www.znamkyzkoze.sk\/wp-content\/uploads\/2024\/02\/P1760848-1024x715.jpg\" alt=\"\" class=\"lazyload wp-image-5612\"\/><\/figure>","protected":false},"excerpt":{"rendered":"<p>Ako dlho budem \u010daka\u0165 na moju objedn\u00e1vku? Rob\u00edme v\u0161etko preto, aby sa va\u0161a zn\u00e1mka k v\u00e1m dostala \u010do najsk\u00f4r no kvalita je pre n\u00e1s d\u00f4le\u017eitej\u0161ia ako r\u00fdchlos\u0165. Ka\u017edop\u00e1dne by ale na\u0161e zn\u00e1mky mali visie\u0165 na krku v\u00e1\u0161ho mil\u00e1\u010dika do dvoch t\u00fd\u017ed\u0148ov od objedn\u00e1vky. Pre\u010do sa ned\u00e1 k\u00fapi\u0165 tovar na dobierku? Bohu\u017eial \u017eij\u00fa medzi nami aj [&hellip;] <a class=\"g1-link g1-link-more\" href=\"https:\/\/www.znamkyzkoze.sk\/en\/o-znamkach\/\">More<\/a><\/p>","protected":false},"author":1,"featured_media":0,"parent":0,"menu_order":0,"comment_status":"closed","ping_status":"closed","template":"","meta":{"footnotes":""},"class_list":["post-3152","page","type-page","status-publish"],"yoast_head":"<!-- This site is optimized with the Yoast SEO plugin v25.2 - https:\/\/yoast.com\/wordpress\/plugins\/seo\/ -->\n<title>\u010cast\u00e9 ot\u00e1zky - Psie zn\u00e1mky z ko\u017ee<\/title>\n<meta name=\"robots\" content=\"index, follow, max-snippet:-1, max-image-preview:large, max-video-preview:-1\" \/>\n<link rel=\"canonical\" href=\"https:\/\/www.znamkyzkoze.sk\/en\/o-znamkach\/\" \/>\n<meta property=\"og:locale\" content=\"en_GB\" \/>\n<meta property=\"og:type\" content=\"article\" \/>\n<meta property=\"og:title\" content=\"\u010cast\u00e9 ot\u00e1zky - Psie zn\u00e1mky z ko\u017ee\" \/>\n<meta property=\"og:description\" content=\"Ako dlho budem \u010daka\u0165 na moju objedn\u00e1vku? Rob\u00edme v\u0161etko preto, aby sa va\u0161a zn\u00e1mka k v\u00e1m dostala \u010do najsk\u00f4r no kvalita je pre n\u00e1s d\u00f4le\u017eitej\u0161ia ako r\u00fdchlos\u0165. Ka\u017edop\u00e1dne by ale na\u0161e zn\u00e1mky mali visie\u0165 na krku v\u00e1\u0161ho mil\u00e1\u010dika do dvoch t\u00fd\u017ed\u0148ov od objedn\u00e1vky. Pre\u010do sa ned\u00e1 k\u00fapi\u0165 tovar na dobierku? Bohu\u017eial \u017eij\u00fa medzi nami aj [&hellip;] More\" \/>\n<meta property=\"og:url\" content=\"https:\/\/www.znamkyzkoze.sk\/en\/o-znamkach\/\" \/>\n<meta property=\"og:site_name\" content=\"Psie zn\u00e1mky z ko\u017ee\" \/>\n<meta property=\"article:publisher\" content=\"https:\/\/www.facebook.com\/tenciernypes\/\" \/>\n<meta property=\"article:modified_time\" content=\"2024-02-19T19:40:49+00:00\" \/>\n<meta property=\"og:image\" content=\"https:\/\/www.znamkyzkoze.sk\/wp-content\/uploads\/2022\/01\/P1560749-769x1024.jpg\" \/>\n<meta name=\"twitter:card\" content=\"summary_large_image\" \/>\n<meta name=\"twitter:label1\" content=\"Estimated reading time\" \/>\n\t<meta name=\"twitter:data1\" content=\"2 minutes\" \/>\n<script type=\"application\/ld+json\" class=\"yoast-schema-graph\">{\"@context\":\"https:\/\/schema.org\",\"@graph\":[{\"@type\":\"WebPage\",\"@id\":\"https:\/\/www.znamkyzkoze.sk\/o-znamkach\/\",\"url\":\"https:\/\/www.znamkyzkoze.sk\/o-znamkach\/\",\"name\":\"\u010cast\u00e9 ot\u00e1zky - Psie zn\u00e1mky z ko\u017ee\",\"isPartOf\":{\"@id\":\"https:\/\/www.znamkyzkoze.sk\/#website\"},\"primaryImageOfPage\":{\"@id\":\"https:\/\/www.znamkyzkoze.sk\/o-znamkach\/#primaryimage\"},\"image\":{\"@id\":\"https:\/\/www.znamkyzkoze.sk\/o-znamkach\/#primaryimage\"},\"thumbnailUrl\":\"https:\/\/www.znamkyzkoze.sk\/wp-content\/uploads\/2022\/01\/P1560749-769x1024.jpg\",\"datePublished\":\"2021-10-03T21:26:33+00:00\",\"dateModified\":\"2024-02-19T19:40:49+00:00\",\"breadcrumb\":{\"@id\":\"https:\/\/www.znamkyzkoze.sk\/o-znamkach\/#breadcrumb\"},\"inLanguage\":\"en-GB\",\"potentialAction\":[{\"@type\":\"ReadAction\",\"target\":[\"https:\/\/www.znamkyzkoze.sk\/o-znamkach\/\"]}]},{\"@type\":\"ImageObject\",\"inLanguage\":\"en-GB\",\"@id\":\"https:\/\/www.znamkyzkoze.sk\/o-znamkach\/#primaryimage\",\"url\":\"https:\/\/www.znamkyzkoze.sk\/wp-content\/uploads\/2022\/01\/P1560749-769x1024.jpg\",\"contentUrl\":\"https:\/\/www.znamkyzkoze.sk\/wp-content\/uploads\/2022\/01\/P1560749-769x1024.jpg\"},{\"@type\":\"BreadcrumbList\",\"@id\":\"https:\/\/www.znamkyzkoze.sk\/o-znamkach\/#breadcrumb\",\"itemListElement\":[{\"@type\":\"ListItem\",\"position\":1,\"name\":\"Domovsk\u00e1 str\u00e1nka\",\"item\":\"https:\/\/www.znamkyzkoze.sk\/\"},{\"@type\":\"ListItem\",\"position\":2,\"name\":\"\u010cast\u00e9 ot\u00e1zky\"}]},{\"@type\":\"WebSite\",\"@id\":\"https:\/\/www.znamkyzkoze.sk\/#website\",\"url\":\"https:\/\/www.znamkyzkoze.sk\/\",\"name\":\"Psie zn\u00e1mky z ko\u017ee\",\"description\":\"psie zn\u00e1mky z pravej ko\u017ee\",\"publisher\":{\"@id\":\"https:\/\/www.znamkyzkoze.sk\/#\/schema\/person\/ee01a72780f67ce76a73f7031d2cb5f9\"},\"potentialAction\":[{\"@type\":\"SearchAction\",\"target\":{\"@type\":\"EntryPoint\",\"urlTemplate\":\"https:\/\/www.znamkyzkoze.sk\/?s={search_term_string}\"},\"query-input\":{\"@type\":\"PropertyValueSpecification\",\"valueRequired\":true,\"valueName\":\"search_term_string\"}}],\"inLanguage\":\"en-GB\"},{\"@type\":[\"Person\",\"Organization\"],\"@id\":\"https:\/\/www.znamkyzkoze.sk\/#\/schema\/person\/ee01a72780f67ce76a73f7031d2cb5f9\",\"name\":\"Ten \u010cierny Pes\",\"image\":{\"@type\":\"ImageObject\",\"inLanguage\":\"en-GB\",\"@id\":\"https:\/\/www.znamkyzkoze.sk\/#\/schema\/person\/image\/\",\"url\":\"https:\/\/www.znamkyzkoze.sk\/wp-content\/uploads\/2022\/02\/logo__pes_znamky.jpg\",\"contentUrl\":\"https:\/\/www.znamkyzkoze.sk\/wp-content\/uploads\/2022\/02\/logo__pes_znamky.jpg\",\"width\":600,\"height\":600,\"caption\":\"Ten \u010cierny Pes\"},\"logo\":{\"@id\":\"https:\/\/www.znamkyzkoze.sk\/#\/schema\/person\/image\/\"},\"description\":\"Som Peter a vyr\u00e1bam kvalitn\u00e9 psie zn\u00e1mky z pravej kravskej hladenice.\",\"sameAs\":[\"https:\/\/www.znamkyzkoze.sk\",\"https:\/\/www.facebook.com\/tenciernypes\/\",\"https:\/\/www.instagram.com\/tenciernypes\/\",\"https:\/\/sk.pinterest.com\/Tenciernypes\/\"]}]}<\/script>\n<!-- \/ Yoast SEO plugin. -->","yoast_head_json":{"title":"\u010cast\u00e9 ot\u00e1zky - Psie zn\u00e1mky z ko\u017ee","robots":{"index":"index","follow":"follow","max-snippet":"max-snippet:-1","max-image-preview":"max-image-preview:large","max-video-preview":"max-video-preview:-1"},"canonical":"https:\/\/www.znamkyzkoze.sk\/en\/o-znamkach\/","og_locale":"en_GB","og_type":"article","og_title":"\u010cast\u00e9 ot\u00e1zky - Psie zn\u00e1mky z ko\u017ee","og_description":"Ako dlho budem \u010daka\u0165 na moju objedn\u00e1vku? Rob\u00edme v\u0161etko preto, aby sa va\u0161a zn\u00e1mka k v\u00e1m dostala \u010do najsk\u00f4r no kvalita je pre n\u00e1s d\u00f4le\u017eitej\u0161ia ako r\u00fdchlos\u0165. Ka\u017edop\u00e1dne by ale na\u0161e zn\u00e1mky mali visie\u0165 na krku v\u00e1\u0161ho mil\u00e1\u010dika do dvoch t\u00fd\u017ed\u0148ov od objedn\u00e1vky. Pre\u010do sa ned\u00e1 k\u00fapi\u0165 tovar na dobierku? Bohu\u017eial \u017eij\u00fa medzi nami aj [&hellip;] More","og_url":"https:\/\/www.znamkyzkoze.sk\/en\/o-znamkach\/","og_site_name":"Psie zn\u00e1mky z ko\u017ee","article_publisher":"https:\/\/www.facebook.com\/tenciernypes\/","article_modified_time":"2024-02-19T19:40:49+00:00","og_image":[{"url":"https:\/\/www.znamkyzkoze.sk\/wp-content\/uploads\/2022\/01\/P1560749-769x1024.jpg","type":"","width":"","height":""}],"twitter_card":"summary_large_image","twitter_misc":{"Estimated reading time":"2 minutes"},"schema":{"@context":"https:\/\/schema.org","@graph":[{"@type":"WebPage","@id":"https:\/\/www.znamkyzkoze.sk\/o-znamkach\/","url":"https:\/\/www.znamkyzkoze.sk\/o-znamkach\/","name":"\u010cast\u00e9 ot\u00e1zky - Psie zn\u00e1mky z ko\u017ee","isPartOf":{"@id":"https:\/\/www.znamkyzkoze.sk\/#website"},"primaryImageOfPage":{"@id":"https:\/\/www.znamkyzkoze.sk\/o-znamkach\/#primaryimage"},"image":{"@id":"https:\/\/www.znamkyzkoze.sk\/o-znamkach\/#primaryimage"},"thumbnailUrl":"https:\/\/www.znamkyzkoze.sk\/wp-content\/uploads\/2022\/01\/P1560749-769x1024.jpg","datePublished":"2021-10-03T21:26:33+00:00","dateModified":"2024-02-19T19:40:49+00:00","breadcrumb":{"@id":"https:\/\/www.znamkyzkoze.sk\/o-znamkach\/#breadcrumb"},"inLanguage":"en-GB","potentialAction":[{"@type":"ReadAction","target":["https:\/\/www.znamkyzkoze.sk\/o-znamkach\/"]}]},{"@type":"ImageObject","inLanguage":"en-GB","@id":"https:\/\/www.znamkyzkoze.sk\/o-znamkach\/#primaryimage","url":"https:\/\/www.znamkyzkoze.sk\/wp-content\/uploads\/2022\/01\/P1560749-769x1024.jpg","contentUrl":"https:\/\/www.znamkyzkoze.sk\/wp-content\/uploads\/2022\/01\/P1560749-769x1024.jpg"},{"@type":"BreadcrumbList","@id":"https:\/\/www.znamkyzkoze.sk\/o-znamkach\/#breadcrumb","itemListElement":[{"@type":"ListItem","position":1,"name":"Domovsk\u00e1 str\u00e1nka","item":"https:\/\/www.znamkyzkoze.sk\/"},{"@type":"ListItem","position":2,"name":"\u010cast\u00e9 ot\u00e1zky"}]},{"@type":"WebSite","@id":"https:\/\/www.znamkyzkoze.sk\/#website","url":"https:\/\/www.znamkyzkoze.sk\/","name":"Psie zn\u00e1mky z ko\u017ee","description":"psie zn\u00e1mky z pravej ko\u017ee","publisher":{"@id":"https:\/\/www.znamkyzkoze.sk\/#\/schema\/person\/ee01a72780f67ce76a73f7031d2cb5f9"},"potentialAction":[{"@type":"SearchAction","target":{"@type":"EntryPoint","urlTemplate":"https:\/\/www.znamkyzkoze.sk\/?s={search_term_string}"},"query-input":{"@type":"PropertyValueSpecification","valueRequired":true,"valueName":"search_term_string"}}],"inLanguage":"en-GB"},{"@type":["Person","Organization"],"@id":"https:\/\/www.znamkyzkoze.sk\/#\/schema\/person\/ee01a72780f67ce76a73f7031d2cb5f9","name":"Ten \u010cierny Pes","image":{"@type":"ImageObject","inLanguage":"en-GB","@id":"https:\/\/www.znamkyzkoze.sk\/#\/schema\/person\/image\/","url":"https:\/\/www.znamkyzkoze.sk\/wp-content\/uploads\/2022\/02\/logo__pes_znamky.jpg","contentUrl":"https:\/\/www.znamkyzkoze.sk\/wp-content\/uploads\/2022\/02\/logo__pes_znamky.jpg","width":600,"height":600,"caption":"Ten \u010cierny Pes"},"logo":{"@id":"https:\/\/www.znamkyzkoze.sk\/#\/schema\/person\/image\/"},"description":"Som Peter a vyr\u00e1bam kvalitn\u00e9 psie zn\u00e1mky z pravej kravskej hladenice.","sameAs":["https:\/\/www.znamkyzkoze.sk","https:\/\/www.facebook.com\/tenciernypes\/","https:\/\/www.instagram.com\/tenciernypes\/","https:\/\/sk.pinterest.com\/Tenciernypes\/"]}]}},"wps_subtitle":"","jetpack_sharing_enabled":true,"_links":{"self":[{"href":"https:\/\/www.znamkyzkoze.sk\/en\/wp-json\/wp\/v2\/pages\/3152","targetHints":{"allow":["GET"]}}],"collection":[{"href":"https:\/\/www.znamkyzkoze.sk\/en\/wp-json\/wp\/v2\/pages"}],"about":[{"href":"https:\/\/www.znamkyzkoze.sk\/en\/wp-json\/wp\/v2\/types\/page"}],"author":[{"embeddable":true,"href":"https:\/\/www.znamkyzkoze.sk\/en\/wp-json\/wp\/v2\/users\/1"}],"replies":[{"embeddable":true,"href":"https:\/\/www.znamkyzkoze.sk\/en\/wp-json\/wp\/v2\/comments?post=3152"}],"version-history":[{"count":15,"href":"https:\/\/www.znamkyzkoze.sk\/en\/wp-json\/wp\/v2\/pages\/3152\/revisions"}],"predecessor-version":[{"id":5614,"href":"https:\/\/www.znamkyzkoze.sk\/en\/wp-json\/wp\/v2\/pages\/3152\/revisions\/5614"}],"wp:attachment":[{"href":"https:\/\/www.znamkyzkoze.sk\/en\/wp-json\/wp\/v2\/media?parent=3152"}],"curies":[{"name":"wp","href":"https:\/\/api.w.org\/{rel}","templated":true}]}}