{"id":3401,"date":"2022-01-15T22:08:13","date_gmt":"2022-01-15T21:08:13","guid":{"rendered":"https:\/\/www.znamkyzkoze.sk\/?page_id=3401"},"modified":"2022-01-17T23:06:46","modified_gmt":"2022-01-17T22:06:46","slug":"obchodne-podmienky","status":"publish","type":"page","link":"https:\/\/www.znamkyzkoze.sk\/en\/obchodne-podmienky\/","title":{"rendered":"Terms&amp;Conditions"},"content":{"rendered":"<p><strong>1. V\u0161eobecn\u00e9 ustanovenia<\/strong><br>N\u00e1kup tovaru v internetovom obchode znamkyzkoze.sk m\u00f4\u017eu uskuto\u010d\u0148ova\u0165 fyzick\u00e9 a pr\u00e1vnick\u00e9 osoby bez obmedzenia za predpokladu, \u017ee sa bud\u00fa riadi\u0165 t\u00fdmito Obchodn\u00fdmi podmienkami. V\u0161eobecn\u00e9 obchodn\u00e9 podmienky s\u00fa neoddelite\u013enou s\u00fa\u010das\u0165ou k\u00fapnej zmluvy.<br><br><strong>2. Pred\u00e1vaj\u00faci<\/strong><br>Mgr. Peter Kr\u00e1\u013e<br>M\u00fdtna 114<br>98553, M\u00fdtna<br>Slovensk\u00e1 republika<br><\/p><p>I\u010cO: 44663919, zap\u00edsan\u00fd v \u017divnostenskom registri vedenom Okresn\u00fdm \u00faradom Lu\u010denec. \u010c\u00edslo \u017eivnostensk\u00e9ho<br>registra: 640-13845, <\/p><p>e-mail: info@znamkyzkoze.sk <\/p><p>telef\u00f3nne \u010d\u00edslo: +421 911 579 784<\/p><p><strong><br>3. Kupuj\u00faci<\/strong><br>Kupuj\u00faci \u2013 registrovan\u00fd pou\u017e\u00edvate\u013e syst\u00e9mu \u2013 fyzick\u00e1 osoba po dov\u0155\u0161en\u00ed 16 rokov alebo pr\u00e1vnicka osoba, ktor\u00e9 maj\u00fa na z\u00e1klade registr\u00e1cie, alebo vyplnenia svojich kontaktn\u00fdch \u00fadajov pr\u00e1vo objedna\u0165 tovar pon\u00fakan\u00fd v internetovom obchode pred\u00e1vaj\u00faceho.<br><strong><br>4. Objedn\u00e1vka<\/strong><br>K\u00fapna zmluva, na z\u00e1klade ktorej je realizovan\u00fd predaj tovaru pred\u00e1vaj\u00facim kupuj\u00facemu, vznik\u00e1 na z\u00e1klade z\u00e1v\u00e4zn\u00e9ho potvrdenia objedn\u00e1vky. Objedn\u00e1vky je mo\u017en\u00e9 poda\u0165 jedine elektronicky. Podan\u00edm objedn\u00e1vky kupuj\u00faci potvrdzuje, \u017ee sa obozn\u00e1mil s Obchodn\u00fdmi podmienkami pred\u00e1vaj\u00faceho a \u017ee s nimi s\u00fahlas\u00ed. Podmienkou platnosti elektronickej objedn\u00e1vky je pravdiv\u00e9 a \u00fapln\u00e9 vyplnenie v\u0161etk\u00fdch \u00fadajov a n\u00e1le\u017eitost\u00ed po\u017eadovan\u00fdch syst\u00e9mom od&nbsp;kupuj\u00faceho pri registr\u00e1ci\u00ed, alebo pri realiz\u00e1cii objedn\u00e1vky. Obdr\u017eanie ka\u017edej objedn\u00e1vky je potvrden\u00e9 formou automatickej e-mailovej spr\u00e1vy zaslanej na adresu uveden\u00fa kupuj\u00facim \u2013 takto potvrden\u00e1 objedn\u00e1vka, je pova\u017eovan\u00e1 za z\u00e1v\u00e4zn\u00fa pre obe strany.<strong><br><br>5. Spracovanie \u00fadajov<\/strong><br>V s\u00favislosti so zaveden\u00edm novej legislat\u00edvy v oblasti ochrany osobn\u00fdch \u00fadajov &#8211; Nariadenia Eur\u00f3pskeho Parlamentu a Rady (E\u00da) 2016\/679 o ochrane fyzick\u00fdch os\u00f4b pri sprac\u00favan\u00ed osobn\u00fdch \u00fadajov a o vo\u013enom pohybe tak\u00fdchto \u00fadajov, ktor\u00fdm sa zru\u0161uje smernica 95\/46\/ES (v\u0161eobecn\u00e9 nariadenie o ochrane \u00fadajov) (\u010falej len \u201eGDPR\u201c) a implement\u00e1ciou opatren\u00ed na zabezpe\u010denie s\u00faladu pred\u00e1vaj\u00faceho s GDPR ako aj so s\u00favisiacimi pr\u00edslu\u0161n\u00fdmi pr\u00e1vnymi predpismi upravuj\u00facimi ochranu osobn\u00fdch \u00fadajov (napr. z\u00e1kon \u010d. 18\/2018 Z.z. o ochrane osobn\u00fdch \u00fadajov a o zmene a doplnen\u00ed niektor\u00fdch z\u00e1konov, vyhl\u00e1\u0161ky \u00daradu na ochranu osobn\u00fdch \u00fadajov Slovenskej republiky), v\u0161eobecn\u00fa informa\u010dn\u00fa povinnos\u0165 oh\u013eadne ochrany osobn\u00fdch \u00fadajov n\u00e1jdu z\u00e1kazn\u00edci na str\u00e1nke&nbsp;<a href=\"https:\/\/www.znamkyzkoze.sk\/en\/ochrana-osobnych-udajov\/\">https:\/\/www.znamkyzkoze.sk\/ochrana-osobnych-udajov\/<\/a><\/p><p><br><strong>6. Sp\u00f4soby platby, platobn\u00e9 podmienky<\/strong><br>V\u0161etky ceny tovarov s\u00fa uveden\u00e9 koncov\u00e9. Za tovar m\u00f4\u017eno pred\u00e1vaj\u00facemu plati\u0165 platobnou kartou prostredn\u00edctvom stripe.com, pripadne cez paypal. <\/p><p><strong>7. Dodacie podmienky<\/strong><br>Pred\u00e1vaj\u00faci sa zav\u00e4zuje doda\u0165 objednan\u00fd tovar kupuj\u00facemu najnesk\u00f4r do 30 pracovn\u00fdch dn\u00ed od prijatia platby za tovar na \u00fa\u010det pred\u00e1vaj\u00faceho. Pred\u00e1vaj\u00faci sa zav\u00e4zuje doda\u0165 tovar kupuj\u00facemu na adresu, ktor\u00fa kupuj\u00faci uvedie v objedn\u00e1vkom formul\u00e1ri ako miesto doru\u010denia. \u0160t\u00e1tne sviatky, dni pracovn\u00e9ho vo\u013ena a dovolenka u pred\u00e1vaj\u00faceho m\u00f4\u017eu priamo\u00famerne pred\u013a\u017ei\u0165 lehoty uveden\u00e9 v t\u00fdchto obchodn\u00fdch podmienkach. O dovolenke pred\u00e1vaj\u00faci v\u017edy informuje vidite\u013en\u00fdm oznamom na hornej \u010dasti na v\u0161etk\u00fdch str\u00e1nkach internetov\u00e9ho obchodu. <\/p><p>Platba kartou a cez Paypal je okam\u017eit\u00e1.<\/p><p><strong>8. Po\u0161tovn\u00e9 a baln\u00e9<\/strong><br>Slovensk\u00e1 po\u0161ta: 1,80 \u20ac (Slovensko), 4,60 \u20ac (ostatn\u00e9 \u0161t\u00e1ty E\u00da) <br><br><strong><br>9. Z\u00e1ru\u010dn\u00e1 doba<\/strong><br>Pred\u00e1vaj\u00faci poskytuje z\u00e1ruku za kvalitu a \u00faplnos\u0165 dod\u00e1vky. Na v\u0161etok tovar sa vz\u0165ahuje z\u00e1konn\u00e1 z\u00e1ru\u010dn\u00e1 lehota 24 mesiacov, ak nie je uveden\u00e9 inak. Z\u00e1ru\u010dna lehota za\u010d\u00edna plyn\u00fa\u0165 d\u0148om prevzatia tovaru z\u00e1kazn\u00edkom. Z\u00e1ruka sa vz\u0165ahuje len na v\u00fdrobn\u00e9 z\u00e1vady. Kupuj\u00faci je povinn\u00fd tovar po jeho prevzat\u00ed prezrie\u0165 tak, aby zistil pr\u00edpadn\u00e9 z\u00e1vady. Pr\u00edpadn\u00e9 z\u00e1vady je kupuj\u00faci povinn\u00fd neodkladne hl\u00e1si\u0165 dod\u00e1vate\u013eovi. Za z\u00e1vady sp\u00f4soben\u00e9 prepravcom pred\u00e1vaj\u00faci neru\u010d\u00ed.<\/p><p><strong>10. Vr\u00e1tenie tovaru<br><\/strong>V s\u00falade so z\u00e1konom nemo\u017eno bez udania d\u00f4vodu vr\u00e1ti\u0165 tovar, pokia\u013e bol predmetn\u00fd tovar vyroben\u00fd kupuj\u00facemu na mieru. <br><br><\/p><p><strong>11. Storno objedn\u00e1vky<\/strong><br><em>Zo strany kupuj\u00faceho<\/em><br>Po z\u00e1v\u00e4znom potvrden\u00ed objedn\u00e1vky je mo\u017en\u00e9 zru\u0161i\u0165 objedn\u00e1vku iba po vz\u00e1jomnej dohode, s v\u00fdnimkou \u2013 pokia\u013e si pred\u00e1vaj\u00faci nesplnil svoje povinnosti vo\u010di kupuj\u00facemu vypl\u00fdvaj\u00face z t\u00fdchto obchodn\u00fdch podmienok. V pr\u00edpade stornovania potvrdenej objedn\u00e1vky je kupuj\u00faci povinn\u00fd uhradi\u0165 pred\u00e1vaj\u00facemu \u0161kodu vzniknut\u00fa t\u00fdmto jednan\u00edm (n\u00e1klady spojen\u00e9 so zaslan\u00edm objedn\u00e1vky).<\/p><p><em>Zo strany pred\u00e1vaj\u00faceho<\/em><br>Pred\u00e1vaj\u00faci m\u00e1 pr\u00e1vo zru\u0161i\u0165 objedn\u00e1vku v pr\u00edpade, \u017ee zo z\u00e1va\u017en\u00fdch pr\u00ed\u010din nie je schopn\u00fd objednan\u00fd tovar vyrobi\u0165 resp. sa v\u00fdrazn\u00fdm sp\u00f4sobom zmenila jeho cena. Suma, ktor\u00fa kupuj\u00faci zaplatil, mu bude preveden\u00e1 sp\u00e4\u0165 na jeho \u00fa\u010det do 5 pracovn\u00fdch dn\u00ed.&nbsp;Pokia\u013e kupuj\u00faci nereaguje na komunik\u00e1ciu s pred\u00e1vaj\u00facim po dobu dlh\u0161iu ako 5 pracovn\u00fdch dn\u00ed, m\u00f4\u017ee pred\u00e1vaj\u00faci od k\u00fapnej zmluvy odst\u00fapi\u0165.<\/p><p><strong>12. Reklam\u00e1cia<\/strong><\/p><p>Pred\u00e1vaj\u00faci poskytuje z\u00e1ruku za kvalitu a \u00faplnos\u0165 dod\u00e1vky. Na v\u0161etok tovar sa vz\u0165ahuje z\u00e1konn\u00e1 z\u00e1ru\u010dn\u00e1 lehota 24 mesiacov, ak nie je uveden\u00e9 inak. Z\u00e1ru\u010dna lehota za\u010d\u00edna plyn\u00fa\u0165 d\u0148om prevzatia tovaru z\u00e1kazn\u00edkom. Z\u00e1ruka sa vz\u0165ahuje len na v\u00fdrobn\u00e9 z\u00e1vady. Kupuj\u00faci je povinn\u00fd tovar po jeho prevzat\u00ed prezrie\u0165 tak, aby zistil pr\u00edpadn\u00e9 z\u00e1vady. Pr\u00edpadn\u00e9 z\u00e1vady je kupuj\u00faci povinn\u00fd neodkladne hl\u00e1si\u0165 dod\u00e1vate\u013eovi. Za z\u00e1vady sp\u00f4soben\u00e9 prepravcom dod\u00e1vate\u013e neru\u010d\u00ed.<br><br><em>Postup vybavenia reklam\u00e1cie<strong><br><\/strong><\/em><br>Kupuj\u00faci za\u0161le chybn\u00fd tovar na reklam\u00e1ciu prepravnou slu\u017ebou &#8211; na vlastn\u00e9 n\u00e1klady &#8211; na adresu s\u00eddla pred\u00e1vaj\u00faceho. Reklamovan\u00fd tovar mus\u00ed by\u0165 dodan\u00fd \u010dist\u00fd a mechanicky nepo\u0161koden\u00fd. Z\u00e1sielka mus\u00ed by\u0165 riadne zabalen\u00e1, ozna\u010den\u00e1 viditelne slovom \u201eREKLAM\u00c1CIA\u201c a mus\u00ed obsahova\u0165:<\/p><ul class=\"wp-block-list\"><li>reklamovan\u00fd tovar vr\u00e1tane pr\u00edslu\u0161enstva<\/li><li>k\u00f3piu n\u00e1kupn\u00e9ho dokladu<\/li><li>podrobn\u00fd popis z\u00e1vady<\/li><li>dostato\u010dn\u00e9 kontaktn\u00e9 \u00fadaje kupuj\u00faceho (spiato\u010dn\u00e1 adresa, tel. \u010d\u00edslo a e-mail).<\/li><\/ul><p>Z\u00e1sielku je potrebn\u00e9 na reklam\u00e1ciu zasla\u0165 formou bal\u00edka, alebo doporu\u010dene ako list. Tovar, ktor\u00fd bude zaslan\u00fd na n\u00e1klady pred\u00e1vaj\u00faceho alebo formou dobierky, nebude prijat\u00fd! Spiato\u010dn\u00fa prepravu po vybaven\u00ed opr\u00e1vnenej reklam\u00e1cie hrad\u00ed pred\u00e1vaj\u00faci. V pr\u00edpade neopr\u00e1vnenej reklam\u00e1cie bude tovar na n\u00e1klady a riziko kupuj\u00faceho zaslan\u00fd na jeho uveden\u00fa adresu.<br><br>V pr\u00edpade opr\u00e1vnenej reklam\u00e1cie m\u00e1 kupuj\u00faci pr\u00e1vo na:<\/p><ul class=\"wp-block-list\"><li>v\u00fdmenu z\u00e1vadn\u00e9ho tovaru za bezchybn\u00fd<\/li><li>alebo poskytnutie primeranej z\u013eavy z k\u00fapnej ceny<\/li><li>alebo odst\u00fapenie od zmluvy.<\/li><\/ul><p>N\u00e1klady na prepravu reklamovan\u00e9ho tovaru smerom od kupuj\u00faceho k pred\u00e1vaj\u00facemu hrad\u00ed kupuj\u00faci. Po\u0161tovn\u00e9 a in\u00e9 poplatky nevraciame. <br><br>V pr\u00edpade, \u017ee je vada tovaru neodstr\u00e1nite\u013en\u00e1, nahrad\u00ed dod\u00e1vate\u013e z\u00e1kazn\u00edkovi vadn\u00fd v\u00fdrobok nov\u00fdm, alebo po dohode v\u00fdrobkom in\u00e9ho typu, pri\u010dom d\u00f4jde k doplateniu, alebo vr\u00e1teniu cenov\u00e9ho rozdielu.<br><br>Z\u00e1ruka sa nevz\u0165ahuje na:<\/p><ul class=\"wp-block-list\"><li>po\u0161kodenie a zni\u010denie tovaru v d\u00f4sledku neodbornej manipul\u00e1cie<\/li><li>po\u0161kodenie pou\u017e\u00edvan\u00edm tovaru v podmienkach, ktor\u00e9 nezodpovedaj\u00fa svojou teplotou, pra\u0161nos\u0165ou, vlhkos\u0165ou, chemick\u00fdmi a mechanick\u00fdmi vplyvmi prostredia, v ktorom sa tovar be\u017ene pou\u017e\u00edva<\/li><li>po\u0161kodenie pri pou\u017e\u00edvan\u00ed tovaru v rozpore s n\u00e1vodom na obsluhu<\/li><li>po\u0161kodenie vzniknut\u00e9 v d\u00f4sledku \u017eivelnej udalosti, \u017eivelnej katastrofy, n\u00e1siln\u00e9ho po\u0161kodenia, poveternostn\u00fdch podmienok, alebo prev\u00e1dzkou v extr\u00e9mnych a neobvykl\u00fdch podmienkach.<\/li><\/ul><p><br>Pri neopr\u00e1vnenej reklam\u00e1cii je kupuj\u00faci povinn\u00fd uhradi\u0165 n\u00e1klady vzniknut\u00e9 rie\u0161en\u00edm tejto reklam\u00e1cie. Reklam\u00e1ciu tovaru vybavuje pred\u00e1vaj\u00faci bez zbyto\u010dn\u00e9ho odkladu, \u0161tandardne do 30 dn\u00ed od d\u00e1tumu uplatnenia reklam\u00e1cie kupuj\u00facim. Pred\u00e1vaj\u00faci si vyhradzuje pr\u00e1vo pred\u013a\u017ei\u0165 dobu na vybavenie reklam\u00e1cie pri tovaroch, ktor\u00e9 je potrebn\u00e9 zasla\u0165 na opravu v\u00fdrobcovi o dobu nevyhnutne potrebn\u00fa k tejto oprave.<\/p><p><a href=\"https:\/\/www.znamkyzkoze.sk\/wp-content\/uploads\/2022\/01\/Priloha_c1.docx\">Pr\u00edloha \u010d.1 reklama\u010dn\u00e9ho poriadku &#8211; formul\u00e1r pre reklam\u00e1ciu<\/a><br><a href=\"https:\/\/www.znamkyzkoze.sk\/wp-content\/uploads\/2022\/01\/Priloha_c1.docx\"><br><\/a><strong>13. Mo\u017enos\u0165 rie\u0161enia spotrebite\u013esk\u00fdch sporov prostredn\u00edctvom on-line eur\u00f3pskej platformy RSO<br><\/strong>Ak\u00e9ko\u013evek svoje pr\u00e1va a n\u00e1roky si m\u00f4\u017eete vo\u010di n\u00e1m uplat\u0148ova\u0165 aj v r\u00e1mci alternat\u00edvneho on-line rie\u0161en\u00e9ho sporu. On-line rie\u0161enie sporu zabezpe\u010duje Eur\u00f3pska komisia a slovensk\u00e9 kontaktn\u00e9 miesto rie\u0161enia sporov on-line (RSO). Rovnako aj na\u0161e n\u00e1roky vo\u010di V\u00e1m m\u00f4\u017eu by\u0165 uplatnen\u00e9 prostredn\u00edctvom eur\u00f3pskej platformy. Vyu\u017eitie alternat\u00edvneho rie\u0161enia sporu \u0161etr\u00ed peniaze a \u010das, ke\u010f\u017ee Va\u0161a s\u0165a\u017enos\u0165 bude vybaven\u00e1 do 90 dn\u00ed a bez zna\u010dn\u00fdch finan\u010dn\u00fdch v\u00fddavkov. V pr\u00edpade ak\u00fdchko\u013evek probl\u00e9mov n\u00e1s kontaktujte prostredn\u00edctvom na\u0161ej e-mailovej adresy. S\u0165a\u017enos\u0165 m\u00f4\u017eete poda\u0165 prostredn\u00edctvom platformy rie\u0161enia sporov on-line (RSO) na str\u00e1nke&nbsp;<a rel=\"noreferrer noopener\" href=\"http:\/\/ec.europa.eu\/consumers\/odr\/index_en.htm\" target=\"_blank\">http:\/\/ec.europa.eu\/consumers\/odr\/index_en.htm<br><br><\/a><strong>14. Z\u00e1vere\u010dn\u00e9 ustanovenia a \u010fal\u0161ie ustanovenia<\/strong><\/p><p>Vz\u0165ahy neupraven\u00e9 t\u00fdmito v\u0161eobecn\u00fdmi obchodn\u00fdmi podmienkami upravuj\u00fa pr\u00edslu\u0161n\u00e9 ustanovenia Ob\u010dianskeho z\u00e1konn\u00edka, Z\u00e1kona \u010d. 22\/2004 Z.z. o elektronickom obchode a o zmene a doplnen\u00ed z\u00e1kona \u010d. 128\/2002 Z.z. o \u0161t\u00e1tnej kontrole vn\u00fatorn\u00e9ho trhu vo veciach ochrany spotrebite\u013ea a o zmene a doplnen\u00ed niektor\u00fdch z\u00e1konov v znen\u00ed z\u00e1kona \u010d. 284\/2002 Z.z. v znen\u00ed neskor\u0161\u00edch predpisov, z\u00e1kona \u010d. 250\/2007 Z.z. o ochrane spotrebite\u013ea a o zmene z\u00e1kona Slovenskej n\u00e1rodnej rady \u010d. 372\/1990 Zb. o priestupkoch v znen\u00ed neskor\u0161\u00edch predpisov a z\u00e1kona \u010d. 102\/2014 Z.z. o ochrane spotrebite\u013ea pri predaji tovaru alebo poskytovan\u00ed slu\u017eieb na z\u00e1klade zmluvy uzavretej na dia\u013eku alebo zmluvy uzavretej mimo prev\u00e1dzkov\u00fdch priestorov pred\u00e1vaj\u00faceho a o zmene a doplnen\u00ed niektor\u00fdch z\u00e1konov.<\/p><p>Tieto obchodn\u00e9 podmienky platia v rozsahu a znen\u00ed, ktor\u00e9 je uveden\u00e9 na internetov\u00fdch str\u00e1nkach pred\u00e1vaj\u00faceho v de\u0148 odoslania elektronickej objedn\u00e1vky.&nbsp;Pred\u00e1vaj\u00faci si vyhradzuje pr\u00e1vo na zmenu t\u00fdchto v\u0161eobecn\u00fdch obchodn\u00fdch podmienok. Povinnos\u0165 p\u00edsomn\u00e9ho ozn\u00e1menia zmeny v t\u00fdchto v\u0161eobecn\u00fdch obchodn\u00fdch podmienkach je splnen\u00e1 umiestnen\u00edm na internetovej str\u00e1nke obchodu pred\u00e1vaj\u00faceho. <\/p><p>Tieto obchodn\u00e9 podmienky nadob\u00fadaj\u00fa platnos\u0165 d\u0148a 20.1.2022.<\/p><p><\/p>","protected":false},"excerpt":{"rendered":"<p>1. V\u0161eobecn\u00e9 ustanoveniaN\u00e1kup tovaru v internetovom obchode znamkyzkoze.sk m\u00f4\u017eu uskuto\u010d\u0148ova\u0165 fyzick\u00e9 a pr\u00e1vnick\u00e9 osoby bez obmedzenia za predpokladu, \u017ee sa bud\u00fa riadi\u0165 t\u00fdmito Obchodn\u00fdmi podmienkami. V\u0161eobecn\u00e9 obchodn\u00e9 podmienky s\u00fa neoddelite\u013enou s\u00fa\u010das\u0165ou k\u00fapnej zmluvy. 2. Pred\u00e1vaj\u00faciMgr. Peter Kr\u00e1\u013eM\u00fdtna 11498553, M\u00fdtnaSlovensk\u00e1 republika I\u010cO: 44663919, zap\u00edsan\u00fd v \u017divnostenskom registri vedenom Okresn\u00fdm \u00faradom Lu\u010denec. \u010c\u00edslo \u017eivnostensk\u00e9horegistra: 640-13845, e-mail: info@znamkyzkoze.sk [&hellip;] <a class=\"g1-link g1-link-more\" href=\"https:\/\/www.znamkyzkoze.sk\/en\/obchodne-podmienky\/\">More<\/a><\/p>","protected":false},"author":1,"featured_media":0,"parent":0,"menu_order":0,"comment_status":"closed","ping_status":"closed","template":"","meta":{"footnotes":""},"class_list":["post-3401","page","type-page","status-publish"],"yoast_head":"<!-- This site is optimized with the Yoast SEO plugin v25.2 - https:\/\/yoast.com\/wordpress\/plugins\/seo\/ -->\n<title>Obchodn\u00e9 podmienky - Psie zn\u00e1mky z ko\u017ee<\/title>\n<meta name=\"robots\" content=\"index, follow, max-snippet:-1, max-image-preview:large, max-video-preview:-1\" \/>\n<link rel=\"canonical\" href=\"https:\/\/www.znamkyzkoze.sk\/en\/obchodne-podmienky\/\" \/>\n<meta property=\"og:locale\" content=\"en_GB\" \/>\n<meta property=\"og:type\" content=\"article\" \/>\n<meta property=\"og:title\" content=\"Obchodn\u00e9 podmienky - Psie zn\u00e1mky z ko\u017ee\" \/>\n<meta property=\"og:description\" content=\"1. V\u0161eobecn\u00e9 ustanoveniaN\u00e1kup tovaru v internetovom obchode znamkyzkoze.sk m\u00f4\u017eu uskuto\u010d\u0148ova\u0165 fyzick\u00e9 a pr\u00e1vnick\u00e9 osoby bez obmedzenia za predpokladu, \u017ee sa bud\u00fa riadi\u0165 t\u00fdmito Obchodn\u00fdmi podmienkami. V\u0161eobecn\u00e9 obchodn\u00e9 podmienky s\u00fa neoddelite\u013enou s\u00fa\u010das\u0165ou k\u00fapnej zmluvy. 2. Pred\u00e1vaj\u00faciMgr. Peter Kr\u00e1\u013eM\u00fdtna 11498553, M\u00fdtnaSlovensk\u00e1 republika I\u010cO: 44663919, zap\u00edsan\u00fd v \u017divnostenskom registri vedenom Okresn\u00fdm \u00faradom Lu\u010denec. \u010c\u00edslo \u017eivnostensk\u00e9horegistra: 640-13845, e-mail: info@znamkyzkoze.sk [&hellip;] More\" \/>\n<meta property=\"og:url\" content=\"https:\/\/www.znamkyzkoze.sk\/en\/obchodne-podmienky\/\" \/>\n<meta property=\"og:site_name\" content=\"Psie zn\u00e1mky z ko\u017ee\" \/>\n<meta property=\"article:publisher\" content=\"https:\/\/www.facebook.com\/tenciernypes\/\" \/>\n<meta property=\"article:modified_time\" content=\"2022-01-17T22:06:46+00:00\" \/>\n<meta name=\"twitter:card\" content=\"summary_large_image\" \/>\n<meta name=\"twitter:label1\" content=\"Estimated reading time\" \/>\n\t<meta name=\"twitter:data1\" content=\"9 minutes\" \/>\n<script type=\"application\/ld+json\" class=\"yoast-schema-graph\">{\"@context\":\"https:\/\/schema.org\",\"@graph\":[{\"@type\":\"WebPage\",\"@id\":\"https:\/\/www.znamkyzkoze.sk\/obchodne-podmienky\/\",\"url\":\"https:\/\/www.znamkyzkoze.sk\/obchodne-podmienky\/\",\"name\":\"Obchodn\u00e9 podmienky - Psie zn\u00e1mky z ko\u017ee\",\"isPartOf\":{\"@id\":\"https:\/\/www.znamkyzkoze.sk\/#website\"},\"datePublished\":\"2022-01-15T21:08:13+00:00\",\"dateModified\":\"2022-01-17T22:06:46+00:00\",\"breadcrumb\":{\"@id\":\"https:\/\/www.znamkyzkoze.sk\/obchodne-podmienky\/#breadcrumb\"},\"inLanguage\":\"en-GB\",\"potentialAction\":[{\"@type\":\"ReadAction\",\"target\":[\"https:\/\/www.znamkyzkoze.sk\/obchodne-podmienky\/\"]}]},{\"@type\":\"BreadcrumbList\",\"@id\":\"https:\/\/www.znamkyzkoze.sk\/obchodne-podmienky\/#breadcrumb\",\"itemListElement\":[{\"@type\":\"ListItem\",\"position\":1,\"name\":\"Domovsk\u00e1 str\u00e1nka\",\"item\":\"https:\/\/www.znamkyzkoze.sk\/\"},{\"@type\":\"ListItem\",\"position\":2,\"name\":\"Obchodn\u00e9 podmienky\"}]},{\"@type\":\"WebSite\",\"@id\":\"https:\/\/www.znamkyzkoze.sk\/#website\",\"url\":\"https:\/\/www.znamkyzkoze.sk\/\",\"name\":\"Psie zn\u00e1mky z ko\u017ee\",\"description\":\"psie zn\u00e1mky z pravej ko\u017ee\",\"publisher\":{\"@id\":\"https:\/\/www.znamkyzkoze.sk\/#\/schema\/person\/ee01a72780f67ce76a73f7031d2cb5f9\"},\"potentialAction\":[{\"@type\":\"SearchAction\",\"target\":{\"@type\":\"EntryPoint\",\"urlTemplate\":\"https:\/\/www.znamkyzkoze.sk\/?s={search_term_string}\"},\"query-input\":{\"@type\":\"PropertyValueSpecification\",\"valueRequired\":true,\"valueName\":\"search_term_string\"}}],\"inLanguage\":\"en-GB\"},{\"@type\":[\"Person\",\"Organization\"],\"@id\":\"https:\/\/www.znamkyzkoze.sk\/#\/schema\/person\/ee01a72780f67ce76a73f7031d2cb5f9\",\"name\":\"Ten \u010cierny Pes\",\"image\":{\"@type\":\"ImageObject\",\"inLanguage\":\"en-GB\",\"@id\":\"https:\/\/www.znamkyzkoze.sk\/#\/schema\/person\/image\/\",\"url\":\"https:\/\/www.znamkyzkoze.sk\/wp-content\/uploads\/2022\/02\/logo__pes_znamky.jpg\",\"contentUrl\":\"https:\/\/www.znamkyzkoze.sk\/wp-content\/uploads\/2022\/02\/logo__pes_znamky.jpg\",\"width\":600,\"height\":600,\"caption\":\"Ten \u010cierny Pes\"},\"logo\":{\"@id\":\"https:\/\/www.znamkyzkoze.sk\/#\/schema\/person\/image\/\"},\"description\":\"Som Peter a vyr\u00e1bam kvalitn\u00e9 psie zn\u00e1mky z pravej kravskej hladenice.\",\"sameAs\":[\"https:\/\/www.znamkyzkoze.sk\",\"https:\/\/www.facebook.com\/tenciernypes\/\",\"https:\/\/www.instagram.com\/tenciernypes\/\",\"https:\/\/sk.pinterest.com\/Tenciernypes\/\"]}]}<\/script>\n<!-- \/ Yoast SEO plugin. -->","yoast_head_json":{"title":"Obchodn\u00e9 podmienky - Psie zn\u00e1mky z ko\u017ee","robots":{"index":"index","follow":"follow","max-snippet":"max-snippet:-1","max-image-preview":"max-image-preview:large","max-video-preview":"max-video-preview:-1"},"canonical":"https:\/\/www.znamkyzkoze.sk\/en\/obchodne-podmienky\/","og_locale":"en_GB","og_type":"article","og_title":"Obchodn\u00e9 podmienky - Psie zn\u00e1mky z ko\u017ee","og_description":"1. V\u0161eobecn\u00e9 ustanoveniaN\u00e1kup tovaru v internetovom obchode znamkyzkoze.sk m\u00f4\u017eu uskuto\u010d\u0148ova\u0165 fyzick\u00e9 a pr\u00e1vnick\u00e9 osoby bez obmedzenia za predpokladu, \u017ee sa bud\u00fa riadi\u0165 t\u00fdmito Obchodn\u00fdmi podmienkami. V\u0161eobecn\u00e9 obchodn\u00e9 podmienky s\u00fa neoddelite\u013enou s\u00fa\u010das\u0165ou k\u00fapnej zmluvy. 2. Pred\u00e1vaj\u00faciMgr. Peter Kr\u00e1\u013eM\u00fdtna 11498553, M\u00fdtnaSlovensk\u00e1 republika I\u010cO: 44663919, zap\u00edsan\u00fd v \u017divnostenskom registri vedenom Okresn\u00fdm \u00faradom Lu\u010denec. \u010c\u00edslo \u017eivnostensk\u00e9horegistra: 640-13845, e-mail: info@znamkyzkoze.sk [&hellip;] More","og_url":"https:\/\/www.znamkyzkoze.sk\/en\/obchodne-podmienky\/","og_site_name":"Psie zn\u00e1mky z ko\u017ee","article_publisher":"https:\/\/www.facebook.com\/tenciernypes\/","article_modified_time":"2022-01-17T22:06:46+00:00","twitter_card":"summary_large_image","twitter_misc":{"Estimated reading time":"9 minutes"},"schema":{"@context":"https:\/\/schema.org","@graph":[{"@type":"WebPage","@id":"https:\/\/www.znamkyzkoze.sk\/obchodne-podmienky\/","url":"https:\/\/www.znamkyzkoze.sk\/obchodne-podmienky\/","name":"Obchodn\u00e9 podmienky - Psie zn\u00e1mky z ko\u017ee","isPartOf":{"@id":"https:\/\/www.znamkyzkoze.sk\/#website"},"datePublished":"2022-01-15T21:08:13+00:00","dateModified":"2022-01-17T22:06:46+00:00","breadcrumb":{"@id":"https:\/\/www.znamkyzkoze.sk\/obchodne-podmienky\/#breadcrumb"},"inLanguage":"en-GB","potentialAction":[{"@type":"ReadAction","target":["https:\/\/www.znamkyzkoze.sk\/obchodne-podmienky\/"]}]},{"@type":"BreadcrumbList","@id":"https:\/\/www.znamkyzkoze.sk\/obchodne-podmienky\/#breadcrumb","itemListElement":[{"@type":"ListItem","position":1,"name":"Domovsk\u00e1 str\u00e1nka","item":"https:\/\/www.znamkyzkoze.sk\/"},{"@type":"ListItem","position":2,"name":"Obchodn\u00e9 podmienky"}]},{"@type":"WebSite","@id":"https:\/\/www.znamkyzkoze.sk\/#website","url":"https:\/\/www.znamkyzkoze.sk\/","name":"Psie zn\u00e1mky z ko\u017ee","description":"psie zn\u00e1mky z pravej ko\u017ee","publisher":{"@id":"https:\/\/www.znamkyzkoze.sk\/#\/schema\/person\/ee01a72780f67ce76a73f7031d2cb5f9"},"potentialAction":[{"@type":"SearchAction","target":{"@type":"EntryPoint","urlTemplate":"https:\/\/www.znamkyzkoze.sk\/?s={search_term_string}"},"query-input":{"@type":"PropertyValueSpecification","valueRequired":true,"valueName":"search_term_string"}}],"inLanguage":"en-GB"},{"@type":["Person","Organization"],"@id":"https:\/\/www.znamkyzkoze.sk\/#\/schema\/person\/ee01a72780f67ce76a73f7031d2cb5f9","name":"Ten \u010cierny Pes","image":{"@type":"ImageObject","inLanguage":"en-GB","@id":"https:\/\/www.znamkyzkoze.sk\/#\/schema\/person\/image\/","url":"https:\/\/www.znamkyzkoze.sk\/wp-content\/uploads\/2022\/02\/logo__pes_znamky.jpg","contentUrl":"https:\/\/www.znamkyzkoze.sk\/wp-content\/uploads\/2022\/02\/logo__pes_znamky.jpg","width":600,"height":600,"caption":"Ten \u010cierny Pes"},"logo":{"@id":"https:\/\/www.znamkyzkoze.sk\/#\/schema\/person\/image\/"},"description":"Som Peter a vyr\u00e1bam kvalitn\u00e9 psie zn\u00e1mky z pravej kravskej hladenice.","sameAs":["https:\/\/www.znamkyzkoze.sk","https:\/\/www.facebook.com\/tenciernypes\/","https:\/\/www.instagram.com\/tenciernypes\/","https:\/\/sk.pinterest.com\/Tenciernypes\/"]}]}},"wps_subtitle":"","jetpack_sharing_enabled":true,"_links":{"self":[{"href":"https:\/\/www.znamkyzkoze.sk\/en\/wp-json\/wp\/v2\/pages\/3401","targetHints":{"allow":["GET"]}}],"collection":[{"href":"https:\/\/www.znamkyzkoze.sk\/en\/wp-json\/wp\/v2\/pages"}],"about":[{"href":"https:\/\/www.znamkyzkoze.sk\/en\/wp-json\/wp\/v2\/types\/page"}],"author":[{"embeddable":true,"href":"https:\/\/www.znamkyzkoze.sk\/en\/wp-json\/wp\/v2\/users\/1"}],"replies":[{"embeddable":true,"href":"https:\/\/www.znamkyzkoze.sk\/en\/wp-json\/wp\/v2\/comments?post=3401"}],"version-history":[{"count":9,"href":"https:\/\/www.znamkyzkoze.sk\/en\/wp-json\/wp\/v2\/pages\/3401\/revisions"}],"predecessor-version":[{"id":3428,"href":"https:\/\/www.znamkyzkoze.sk\/en\/wp-json\/wp\/v2\/pages\/3401\/revisions\/3428"}],"wp:attachment":[{"href":"https:\/\/www.znamkyzkoze.sk\/en\/wp-json\/wp\/v2\/media?parent=3401"}],"curies":[{"name":"wp","href":"https:\/\/api.w.org\/{rel}","templated":true}]}}