{"id":3411,"date":"2022-01-16T22:09:54","date_gmt":"2022-01-16T21:09:54","guid":{"rendered":"https:\/\/www.znamkyzkoze.sk\/?page_id=3411"},"modified":"2022-01-17T23:49:57","modified_gmt":"2022-01-17T22:49:57","slug":"ochrana-osobnych-udajov","status":"publish","type":"page","link":"https:\/\/www.znamkyzkoze.sk\/en\/ochrana-osobnych-udajov\/","title":{"rendered":"Ochrana osobn\u00fdch \u00fadajov"},"content":{"rendered":"<p>Pred\u00e1vaj\u00facim\/prev\u00e1dzkovate\u013eom eshopu je Mgr. Peter Kr\u00e1\u013e so s\u00eddlom M\u00fdtna 114, 98553, M\u00fdtna, I\u010cO 44663919, zap\u00edsan\u00fd v \u017divnostenskom registri vedenom Okresn\u00fdm \u00faradom Lu\u010denec. \u010c\u00edslo \u017eivnostensk\u00e9ho registra: 640-13845.<\/p><p>Pri predaji tovaru a prev\u00e1dzkovan\u00ed na\u0161ich webov\u00fdch str\u00e1nok sprac\u00favame niektor\u00e9 osobn\u00e9 \u00fadaje.<\/p><p>Sprac\u00favanie osobn\u00fdch \u00fadajov upravuje najm\u00e4 nariadenie Eur\u00f3pskeho parlamentu a Rady (E\u00da) 2016\/679 z 27. apr\u00edla 2016 pri sprac\u00favan\u00ed osobn\u00fdch \u00fadajov a o vo\u013enom pohybe tak\u00fdchto \u00fadajov, ktor\u00fdm sa zru\u0161uje 95\/46\/ES (v\u0161eobecn\u00e9 nariadenie o ochrane osobn\u00fdch \u00fadajov) (\u201eGDPR\u201c).<br><\/p><p><strong>1. Sprac\u00favanie osobn\u00fdch \u00fadajov<\/strong><\/p><p> A. Sprac\u00favanie osobn\u00fdch \u00fadajov v pr\u00edpade pou\u017eitia kontaktn\u00e9ho formul\u00e1ra<\/p><p>Pokia\u013e dopytujete na\u0161e produkty a slu\u017eby, budeme pracova\u0165 s va\u0161imi kontaktn\u00fdmi \u00fadajmi,       ktor\u00e9 n\u00e1m ozn\u00e1mite, hlavne prostredn\u00edctvom kontaktn\u00e9ho formul\u00e1ra. S\u00fa to: e-mailov\u00e1 adresa, meno, priezvisko a telef\u00f3nne \u010d\u00edslo, pr\u00edpadne ak\u00e9ko\u013evek \u010fal\u0161ie \u00fadaje, ktor\u00e9 si budete pria\u0165 aby boli s\u00fa\u010das\u0165ou produktu, ktor\u00fd V\u00e1m bude zhotoven\u00fd na mieru.<\/p><p>Z ak\u00e9ho d\u00f4vodu?<br>\u00dadaje, ktor\u00e9 vy\u017eadujeme v na\u0161om kontaktnom formul\u00e1ri (meno, priezvisko, email, telef\u00f3nne \u010d\u00edslo) sl\u00fa\u017eia pre \u010fal\u0161iu dohodu oh\u013eadom pr\u00edpravy a doru\u010denia tovaru.<\/p><p>Na z\u00e1klade ak\u00e9ho pr\u00e1vneho d\u00f4vodu?<br>Ide o sprac\u00favanie na z\u00e1klade \u010dl\u00e1nku 6 ods. 1 p\u00edsm. b) GDPR \u2013 rokovania o zmluve, resp. vykonanie opatren\u00ed pred uzavret\u00edm zmluvy na va\u0161u \u017eiados\u0165.<\/p><p>Ako dlho budeme osobn\u00e9 \u00fadaje sprac\u00fav\u00e1va\u0165?<br>Pokia\u013e nenadvia\u017eeme \u010fal\u0161iu spolupr\u00e1cu, va\u0161e d\u00e1ta budeme sprac\u00fav\u00e1va\u0165 najdlh\u0161ie 72h od na\u0161ej poslednej komunik\u00e1cie.<\/p><p>B. Sprac\u00favanie osobn\u00fdch \u00fadajov v pr\u00edpade n\u00e1kupu<\/p><p>Pokia\u013e u n\u00e1s nak\u00fapite, budeme pracova\u0165 s \u00fadajmi, ktor\u00e9 n\u00e1m vypln\u00edte. S\u00fa to hlavne faktura\u010dn\u00e9 \u00fadaje: meno, priezvisko, adresa, e-mail a ak\u00e9ko\u013evek \u010fal\u0161ie (nami nevy\u017eadovan\u00e9) inform\u00e1cie, ktor\u00e9 n\u00e1m poskytnete za \u00fa\u010delom upravenia produktu na mieru.<\/p><p>Z ak\u00e9ho d\u00f4vodu?<br>Osobn\u00e9 \u00fadaje potrebujeme sprac\u00fav\u00e1va\u0165, aby sme splnili na\u0161u zmluvu \u2013 dodali v\u00e1m n\u00e1\u0161 tovar. Cez kontaktn\u00e9 \u00fadaje s vami budeme tie\u017e komunikova\u0165 oh\u013eadom stavu va\u0161ej objedn\u00e1vky, pr\u00edpadne oh\u013eadom reklam\u00e1ci\u00ed alebo va\u0161ich ot\u00e1zok.<\/p><p>Osobn\u00e9 \u00fadaje budeme \u010falej sprac\u00fav\u00e1va\u0165 pre splnenie na\u0161ich povinnost\u00ed, ktor\u00e9 n\u00e1m plyn\u00fa zo z\u00e1kona (hlavne na \u00fa\u010dtovn\u00e9 a da\u0148ov\u00e9 \u00fa\u010dely, pr\u00edpadne na vybavenie reklam\u00e1ci\u00ed).<\/p><p>Na z\u00e1klade ak\u00e9ho pr\u00e1vneho d\u00f4vodu osobn\u00e9 \u00fadaje sprac\u00fav\u00e1vame?<br>Ide o sprac\u00favanie na z\u00e1klade \u010dl\u00e1nku 6 ods. 1 p\u00edsm. b) GDPR \u2013 plnenie zmluvy a \u010dl\u00e1nok 6 ods. 1 p\u00edsm. c) GDPR \u2013 plnenie na\u0161ej pr\u00e1vnej povinnosti.<\/p><p>Ako dlho budeme osobn\u00e9 \u00fadaje sprac\u00fav\u00e1va\u0165?<br>Po\u010das plnenia na\u0161ej slu\u017eby a potom 10 rokov od posledn\u00e9ho poskytnutia takej slu\u017eby alebo dodania tovaru.<\/p><p>C. Newslettery (komer\u010dn\u00e1 komunik\u00e1cia)<\/p><p>Ak\u00e1ko\u013evek reklamn\u00e1 komunik\u00e1cia oh\u013eadne na\u0161ej ponuky, zliav a akci\u00ed prebieha na soci\u00e1lnych sie\u0165ach (predov\u0161etk\u00fdm Facebook a Instagram). Na tento \u00fa\u010del teda Va\u0161e \u00fadaje nepou\u017e\u00edvame.<\/p><p><strong><br>2. Kto sa k \u00fadajom dostane?<\/strong><\/p><p>Va\u0161e d\u00e1ta zostan\u00fa u n\u00e1s. Napriek tomu pre n\u00e1s pracuj\u00fa niektor\u00e9 spolo\u010dnosti alebo in\u00e9 osoby, ktor\u00e9 sa k d\u00e1tam dostan\u00fa preto, \u017ee n\u00e1m pom\u00e1haj\u00fa s chodom n\u00e1\u0161ho e-shopu. S\u00fa to:<\/p><p>\u2022 Poskytovate\u013e webhostingu a poskytovate\u013e e-mailingovej slu\u017eby:<br>Websupport, s.r.o.<br>Karad\u017ei\u010dova 12<br>821 08 Bratislava<br>\u2022 Spolo\u010dnosti podie\u013eaj\u00face sa na exped\u00edcii tovaru:<br>Slovensk\u00e1 po\u0161ta, a.s.<br>Partiz\u00e1nska cesta 9<br>975 99 Bansk\u00e1 Bystrica 1<br>\u2022 Spolo\u010dnosti podie\u013eaj\u00face sa na exped\u00edcii platieb<br>Stripe.com<br>The One Building, 1 Grand Canal Street Lower, Dublin, Dublin 2, Dublin<br>Ireland<\/p><p>Slovensk\u00e1 po\u0161ta, a.s.<br>Partiz\u00e1nska cesta 9<br>975 99 Bansk\u00e1 Bystrica 1<\/p><p>Osobn\u00e9 \u00fadaje spracov\u00e1vame iba na \u00fazem\u00ed Eur\u00f3pskej \u00fanie.<\/p><p><br><strong>3. \u010co by ste \u010falej mali vedie\u0165<\/strong><\/p><p>V na\u0161ej spolo\u010dnosti nem\u00e1me menovan\u00e9ho poverenca pre ochranu osobn\u00fdch \u00fadajov.<\/p><p>V na\u0161ej spolo\u010dnosti nedoch\u00e1dza k rozhodovaniu na z\u00e1klade automatick\u00e9ho sprac\u00favania \u010di profilovania.<\/p><p>Pokia\u013e by ste mali k osobn\u00fdm \u00fadajom ot\u00e1zky, kontaktujte n\u00e1s na e-mailovej adrese info@znamkyzkoze.sk<\/p><p><br><strong>4. Pou\u017e\u00edvanie s\u00faborov cookies<\/strong><\/p><p>Cookies s\u00fa textov\u00e9 s\u00fabory obsahuj\u00face mal\u00e9 mno\u017estvo inform\u00e1ci\u00ed, ktor\u00e9 sa pri n\u00e1v\u0161teve na\u0161ich webov\u00fdch str\u00e1nok s\u0165ahuj\u00fa do V\u00e1\u0161ho zariadenia. S\u00fabory cookies sa n\u00e1sledne pri ka\u017edej \u010fal\u0161ej n\u00e1v\u0161teve odosielaj\u00fa sp\u00e4\u0165 na webov\u00fa str\u00e1nku alebo in\u00fa webov\u00fa str\u00e1nku, ktor\u00e1 ich rozpozn\u00e1.<\/p><p>S\u00fabory cookies plnia r\u00f4zne \u00falohy, napr\u00edklad umo\u017e\u0148uj\u00fa efekt\u00edvnu navig\u00e1ciu medzi webov\u00fdmi str\u00e1nkami, zapam\u00e4tanie si Va\u0161ich preferenci\u00ed a celkovo zlep\u0161uj\u00fa sk\u00fasenos\u0165 pou\u017e\u00edvate\u013ea. Dok\u00e1\u017eu tie\u017e zaisti\u0165, aby reklamy zobrazovan\u00e9 on-line boli lep\u0161ie prisp\u00f4soben\u00e9 Va\u0161ej osobe a Va\u0161im z\u00e1ujmom.<\/p><p>Na webov\u00fdch str\u00e1nkach pou\u017e\u00edvame nasleduj\u00face cookies:<br>\u2022 Nevyhnutn\u00e9 cookies: s\u00fa potrebn\u00e9 na prev\u00e1dzku webov\u00fdch str\u00e1nok, umo\u017e\u0148uj\u00fa napr\u00edklad prihl\u00e1si\u0165 sa do zabezpe\u010den\u00fdch \u010dast\u00ed str\u00e1nok a \u010fal\u0161ie z\u00e1kladn\u00e9 funk\u010dnosti str\u00e1nok. T\u00e1to kateg\u00f3ria cookies sa ned\u00e1 zak\u00e1za\u0165.<br>\u2022 Analytick\u00e9\/\u0161tatistick\u00e9 cookies: umo\u017e\u0148uj\u00fa n\u00e1m napr\u00edklad rozpozna\u0165 a zisti\u0165 po\u010det n\u00e1v\u0161tevn\u00edkov a sledova\u0165, ako na\u0161i n\u00e1v\u0161tevn\u00edci pou\u017e\u00edvaj\u00fa webov\u00e9 str\u00e1nky. Pom\u00e1haj\u00fa n\u00e1m zlep\u0161ova\u0165 sp\u00f4sob, ak\u00fdm str\u00e1nky funguj\u00fa, napr\u00edklad tak, \u017ee umo\u017e\u0148uj\u00fa pou\u017e\u00edvate\u013eom \u013eahko n\u00e1js\u0165 to, \u010do h\u013eadaj\u00fa. Tieto s\u00fabory sp\u00fa\u0161\u0165ame iba s Va\u0161\u00edm predch\u00e1dzaj\u00facim s\u00fahlasom.<br>\u2022 Reklamn\u00e9 cookies: pou\u017e\u00edvaj\u00fa sa na sledovanie preferenci\u00ed a umo\u017e\u0148uj\u00fa zobrazi\u0165 reklamu a \u010fal\u0161\u00ed obsah, ktor\u00e9 najlep\u0161ie zodpovedaj\u00fa v\u00e1\u0161mu z\u00e1ujmu a online spr\u00e1vaniu. Tieto s\u00fabory sp\u00fa\u0161\u0165ame iba s Va\u0161\u00edm predch\u00e1dzaj\u00facim s\u00fahlasom.<\/p><p>Upozor\u0148ujeme, \u017ee tretie strany (vr\u00e1tane napr. poskytovate\u013eov extern\u00fdch slu\u017eieb) m\u00f4\u017eu taktie\u017e pou\u017e\u00edva\u0165 cookies a\/alebo pristupova\u0165 k \u00fadajom zhroma\u017e\u010fovan\u00fdm cookies na webov\u00fdch str\u00e1nkach.<\/p><p>Pou\u017e\u00edvan\u00e9 s\u00fabory cookies:<\/p><figure class=\"wp-block-table\"><table><tbody><tr><td class=\"has-text-align-center\" data-align=\"center\"><strong>Technick\u00fd n\u00e1zov<\/strong><\/td><td class=\"has-text-align-center\" data-align=\"center\"><strong>Komu patr\u00ed<\/strong><\/td><td class=\"has-text-align-center\" data-align=\"center\"><strong>\u00da\u010del a popis cookies<\/strong><\/td><td class=\"has-text-align-center\" data-align=\"center\"><strong>Doba trvania<\/strong><\/td><\/tr><tr><td class=\"has-text-align-center\" data-align=\"center\">__stripe_mid<\/td><td class=\"has-text-align-center\" data-align=\"center\">stripe.com<\/td><td class=\"has-text-align-center\" data-align=\"center\"> Tento cookie je nevyhnutn\u00fd pre<br>uskuto\u010dnenie platby platobnou<br>kartou na na\u0161ej str\u00e1nke.<\/td><td class=\"has-text-align-center\" data-align=\"center\">1 rok<\/td><\/tr><tr><td class=\"has-text-align-center\" data-align=\"center\">_tk_ai, _tk_lr, _tk_3rd, _tk_or<\/td><td class=\"has-text-align-center\" data-align=\"center\">t\u00e1to str\u00e1nka<\/td><td class=\"has-text-align-center\" data-align=\"center\">Tieto cookies sa pou\u017e\u00edvaj\u00fa len<br>v r\u00e1mci backend-u na<br>\u0161tatistick\u00e9 \u00fa\u010dely. Zbieraj\u00fa<br>inform\u00e1cie o tom, ako s\u00fa na\u0161e<br>slu\u017eby pou\u017e\u00edvan\u00e9<\/td><td class=\"has-text-align-center\" data-align=\"center\">Do ukon\u010denia &#8222;session.&#8220;<\/td><\/tr><tr><td class=\"has-text-align-center\" data-align=\"center\">_woocommerce_cart_hash a<br>_woocommerce_items_i<br>n_cart<\/td><td class=\"has-text-align-center\" data-align=\"center\"> t\u00e1to str\u00e1nka <\/td><td class=\"has-text-align-center\" data-align=\"center\">Sl\u00fa\u017eia na ulo\u017eenie tovaru do<br>ko\u0161\u00edka a zobrazenie po\u010dtu<br>kusov tovaru v ko\u0161\u00edku<\/td><td class=\"has-text-align-center\" data-align=\"center\">1. de\u0148<\/td><\/tr><tr><td class=\"has-text-align-center\" data-align=\"center\">_wordpress_test_cookie<\/td><td class=\"has-text-align-center\" data-align=\"center\"> t\u00e1to str\u00e1nka <\/td><td class=\"has-text-align-center\" data-align=\"center\">Sl\u00fa\u017eia na otestovanie, \u010di v\u00e1\u0161<br>prehliada\u010d povo\u013euje ukladanie<br>cookies<\/td><td class=\"has-text-align-center\" data-align=\"center\">2. t\u00fd\u017edne<\/td><\/tr><tr><td class=\"has-text-align-center\" data-align=\"center\">_wp-settings-time-1, wp-settings-time-2<\/td><td class=\"has-text-align-center\" data-align=\"center\"> t\u00e1to str\u00e1nka <\/td><td class=\"has-text-align-center\" data-align=\"center\">Sl\u00fa\u017eia na nastavenie vzh\u013eadu<br>str\u00e1nky pod\u013ea zvolen\u00fdch<br>preferenci\u00ed, predov\u0161etk\u00fdm<br>admin rozhrania<\/td><td class=\"has-text-align-center\" data-align=\"center\">1. rok<\/td><\/tr><tr><td class=\"has-text-align-center\" data-align=\"center\">_wp-settings-time-1, wp-settings-time-2<\/td><td class=\"has-text-align-center\" data-align=\"center\"> t\u00e1to str\u00e1nka <\/td><td class=\"has-text-align-center\" data-align=\"center\">Sl\u00fa\u017ei na zapam\u00e4tanie si obsahu<br>ko\u0161\u00edka pre dan\u00e9ho z\u00e1kazn\u00edka,<br>na z\u00e1klade jedine\u010dn\u00e9ho<br>generovan\u00e9ho k\u00f3du<\/td><td class=\"has-text-align-center\" data-align=\"center\">3. dni<\/td><\/tr><\/tbody><\/table><\/figure><p>\u010eal\u0161ie inform\u00e1cie o cookies a ich aktu\u00e1lny zoznam n\u00e1jdete prostredn\u00edctvom jednotliv\u00fdch internetov\u00fdch prehliada\u010dov, naj\u010dastej\u0161ie v polo\u017eke N\u00e1stroje pre v\u00fdvoj\u00e1rov.<\/p><p>S\u00fahlas s cookies vyjadrujete v tzv. cookie li\u0161te.  S\u00fabory cookies m\u00f4\u017eete aj n\u00e1sledne v nastaven\u00ed svojho internetov\u00e9ho prehliada\u010da odmietnu\u0165, alebo si nastavi\u0165 pou\u017e\u00edvanie iba niektor\u00fdch.<\/p><p>\u010eal\u0161ie inform\u00e1cie o spr\u00e1ve cookies v jednotliv\u00fdch prehliada\u010doch n\u00e1jdete na nasleduj\u00facich odkazoch:<br>\u2022 Internet Explorer &#8211; https:\/\/support.microsoft.com\/cs-cz\/help\/17442\/windows-internet-explorer-delete-manage-cookies<br>\u2022 Google Chrome &#8211; https:\/\/support.google.com\/chrome\/answer\/95647?co=GENIE.Platform%3DDesktop&amp;hl=cs<br>\u2022 Firefox &#8211; https:\/\/support.mozilla.org\/cs\/kb\/povoleni-zakazani-cookies<br>\u2022 Safari &#8211; https:\/\/support.apple.com\/cs-cz\/guide\/safari\/sfri11471\/mac<br>\u2022 Opera &#8211; https:\/\/help.opera.com\/cs\/latest\/security-and-privacy\/<br>\u2022 Microsoft Edge &#8211; https:\/\/docs.microsoft.com\/cs-cz\/sccm\/compliance\/deploy-use\/browser-profiles<br>V. Va\u0161e pr\u00e1va v s\u00favislosti so sprac\u00favan\u00edm osobn\u00fdch \u00fadajov<\/p><p>Nariadenie GDPR v\u00e1m d\u00e1va okrem in\u00e9ho pr\u00e1vo obr\u00e1ti\u0165 sa na n\u00e1s a chcie\u0165 inform\u00e1cie, ak\u00e9 va\u0161e osobn\u00e9 \u00fadaje sprac\u00fav\u00e1vame, vy\u017eiada\u0165 si u n\u00e1s pr\u00edstup k t\u00fdmto \u00fadajom a necha\u0165 ich aktualizova\u0165 alebo opravi\u0165, popr\u00edpade po\u017eadova\u0165 obmedzenie sprac\u00favania, m\u00f4\u017eete po\u017eadova\u0165 k\u00f3piu sprac\u00fav\u00e1van\u00fdch osobn\u00fdch \u00fadajov, po\u017eadova\u0165 po n\u00e1s v ur\u010dit\u00fdch situ\u00e1ci\u00e1ch v\u00fdmaz osobn\u00fdch \u00fadajov av ur\u010dit\u00fdch pr\u00edpadoch m\u00e1te pr\u00e1vo na ich prenosite\u013enos\u0165. Proti sprac\u00favaniu na z\u00e1klade opr\u00e1vnen\u00e9ho z\u00e1ujmu je mo\u017en\u00e9 vznies\u0165 n\u00e1mietku.<\/p><p>Ak si mysl\u00edte, \u017ee s \u00fadajmi nezaobch\u00e1dzame spr\u00e1vne, m\u00e1te pr\u00e1vo poda\u0165 s\u0165a\u017enos\u0165 dozorn\u00e9mu org\u00e1nu, ktor\u00fdm je v na\u0161ej jurisdikcii \u00darad na ochranu osobn\u00fdch \u00fadajov https:\/\/dataprotection.gov.sk alebo sa obr\u00e1ti\u0165 na s\u00fad.<\/p><p>Tieto z\u00e1sady s\u00fa \u00fa\u010dinn\u00e9 od 20.1.2022<\/p>","protected":false},"excerpt":{"rendered":"<p>Pred\u00e1vaj\u00facim\/prev\u00e1dzkovate\u013eom eshopu je Mgr. Peter Kr\u00e1\u013e so s\u00eddlom M\u00fdtna 114, 98553, M\u00fdtna, I\u010cO 44663919, zap\u00edsan\u00fd v \u017divnostenskom registri vedenom Okresn\u00fdm \u00faradom Lu\u010denec. \u010c\u00edslo \u017eivnostensk\u00e9ho registra: 640-13845. Pri predaji tovaru a prev\u00e1dzkovan\u00ed na\u0161ich webov\u00fdch str\u00e1nok sprac\u00favame niektor\u00e9 osobn\u00e9 \u00fadaje. Sprac\u00favanie osobn\u00fdch \u00fadajov upravuje najm\u00e4 nariadenie Eur\u00f3pskeho parlamentu a Rady (E\u00da) 2016\/679 z 27. apr\u00edla 2016 pri [&hellip;] <a class=\"g1-link g1-link-more\" href=\"https:\/\/www.znamkyzkoze.sk\/en\/ochrana-osobnych-udajov\/\">More<\/a><\/p>","protected":false},"author":1,"featured_media":0,"parent":0,"menu_order":0,"comment_status":"closed","ping_status":"closed","template":"","meta":{"footnotes":""},"class_list":["post-3411","page","type-page","status-publish"],"yoast_head":"<!-- This site is optimized with the Yoast SEO plugin v25.2 - https:\/\/yoast.com\/wordpress\/plugins\/seo\/ -->\n<title>Ochrana osobn\u00fdch \u00fadajov - Psie zn\u00e1mky z ko\u017ee<\/title>\n<meta name=\"robots\" content=\"index, follow, max-snippet:-1, max-image-preview:large, max-video-preview:-1\" \/>\n<link rel=\"canonical\" href=\"https:\/\/www.znamkyzkoze.sk\/en\/ochrana-osobnych-udajov\/\" \/>\n<meta property=\"og:locale\" content=\"en_GB\" \/>\n<meta property=\"og:type\" content=\"article\" \/>\n<meta property=\"og:title\" content=\"Ochrana osobn\u00fdch \u00fadajov - Psie zn\u00e1mky z ko\u017ee\" \/>\n<meta property=\"og:description\" content=\"Pred\u00e1vaj\u00facim\/prev\u00e1dzkovate\u013eom eshopu je Mgr. Peter Kr\u00e1\u013e so s\u00eddlom M\u00fdtna 114, 98553, M\u00fdtna, I\u010cO 44663919, zap\u00edsan\u00fd v \u017divnostenskom registri vedenom Okresn\u00fdm \u00faradom Lu\u010denec. \u010c\u00edslo \u017eivnostensk\u00e9ho registra: 640-13845. Pri predaji tovaru a prev\u00e1dzkovan\u00ed na\u0161ich webov\u00fdch str\u00e1nok sprac\u00favame niektor\u00e9 osobn\u00e9 \u00fadaje. Sprac\u00favanie osobn\u00fdch \u00fadajov upravuje najm\u00e4 nariadenie Eur\u00f3pskeho parlamentu a Rady (E\u00da) 2016\/679 z 27. apr\u00edla 2016 pri [&hellip;] More\" \/>\n<meta property=\"og:url\" content=\"https:\/\/www.znamkyzkoze.sk\/en\/ochrana-osobnych-udajov\/\" \/>\n<meta property=\"og:site_name\" content=\"Psie zn\u00e1mky z ko\u017ee\" \/>\n<meta property=\"article:publisher\" content=\"https:\/\/www.facebook.com\/tenciernypes\/\" \/>\n<meta property=\"article:modified_time\" content=\"2022-01-17T22:49:57+00:00\" \/>\n<meta name=\"twitter:card\" content=\"summary_large_image\" \/>\n<meta name=\"twitter:label1\" content=\"Estimated reading time\" \/>\n\t<meta name=\"twitter:data1\" content=\"8 minutes\" \/>\n<script type=\"application\/ld+json\" class=\"yoast-schema-graph\">{\"@context\":\"https:\/\/schema.org\",\"@graph\":[{\"@type\":\"WebPage\",\"@id\":\"https:\/\/www.znamkyzkoze.sk\/ochrana-osobnych-udajov\/\",\"url\":\"https:\/\/www.znamkyzkoze.sk\/ochrana-osobnych-udajov\/\",\"name\":\"Ochrana osobn\u00fdch \u00fadajov - Psie zn\u00e1mky z ko\u017ee\",\"isPartOf\":{\"@id\":\"https:\/\/www.znamkyzkoze.sk\/#website\"},\"datePublished\":\"2022-01-16T21:09:54+00:00\",\"dateModified\":\"2022-01-17T22:49:57+00:00\",\"breadcrumb\":{\"@id\":\"https:\/\/www.znamkyzkoze.sk\/ochrana-osobnych-udajov\/#breadcrumb\"},\"inLanguage\":\"en-GB\",\"potentialAction\":[{\"@type\":\"ReadAction\",\"target\":[\"https:\/\/www.znamkyzkoze.sk\/ochrana-osobnych-udajov\/\"]}]},{\"@type\":\"BreadcrumbList\",\"@id\":\"https:\/\/www.znamkyzkoze.sk\/ochrana-osobnych-udajov\/#breadcrumb\",\"itemListElement\":[{\"@type\":\"ListItem\",\"position\":1,\"name\":\"Domovsk\u00e1 str\u00e1nka\",\"item\":\"https:\/\/www.znamkyzkoze.sk\/\"},{\"@type\":\"ListItem\",\"position\":2,\"name\":\"Ochrana osobn\u00fdch \u00fadajov\"}]},{\"@type\":\"WebSite\",\"@id\":\"https:\/\/www.znamkyzkoze.sk\/#website\",\"url\":\"https:\/\/www.znamkyzkoze.sk\/\",\"name\":\"Psie zn\u00e1mky z ko\u017ee\",\"description\":\"psie zn\u00e1mky z pravej ko\u017ee\",\"publisher\":{\"@id\":\"https:\/\/www.znamkyzkoze.sk\/#\/schema\/person\/ee01a72780f67ce76a73f7031d2cb5f9\"},\"potentialAction\":[{\"@type\":\"SearchAction\",\"target\":{\"@type\":\"EntryPoint\",\"urlTemplate\":\"https:\/\/www.znamkyzkoze.sk\/?s={search_term_string}\"},\"query-input\":{\"@type\":\"PropertyValueSpecification\",\"valueRequired\":true,\"valueName\":\"search_term_string\"}}],\"inLanguage\":\"en-GB\"},{\"@type\":[\"Person\",\"Organization\"],\"@id\":\"https:\/\/www.znamkyzkoze.sk\/#\/schema\/person\/ee01a72780f67ce76a73f7031d2cb5f9\",\"name\":\"Ten \u010cierny Pes\",\"image\":{\"@type\":\"ImageObject\",\"inLanguage\":\"en-GB\",\"@id\":\"https:\/\/www.znamkyzkoze.sk\/#\/schema\/person\/image\/\",\"url\":\"https:\/\/www.znamkyzkoze.sk\/wp-content\/uploads\/2022\/02\/logo__pes_znamky.jpg\",\"contentUrl\":\"https:\/\/www.znamkyzkoze.sk\/wp-content\/uploads\/2022\/02\/logo__pes_znamky.jpg\",\"width\":600,\"height\":600,\"caption\":\"Ten \u010cierny Pes\"},\"logo\":{\"@id\":\"https:\/\/www.znamkyzkoze.sk\/#\/schema\/person\/image\/\"},\"description\":\"Som Peter a vyr\u00e1bam kvalitn\u00e9 psie zn\u00e1mky z pravej kravskej hladenice.\",\"sameAs\":[\"https:\/\/www.znamkyzkoze.sk\",\"https:\/\/www.facebook.com\/tenciernypes\/\",\"https:\/\/www.instagram.com\/tenciernypes\/\",\"https:\/\/sk.pinterest.com\/Tenciernypes\/\"]}]}<\/script>\n<!-- \/ Yoast SEO plugin. -->","yoast_head_json":{"title":"Ochrana osobn\u00fdch \u00fadajov - Psie zn\u00e1mky z ko\u017ee","robots":{"index":"index","follow":"follow","max-snippet":"max-snippet:-1","max-image-preview":"max-image-preview:large","max-video-preview":"max-video-preview:-1"},"canonical":"https:\/\/www.znamkyzkoze.sk\/en\/ochrana-osobnych-udajov\/","og_locale":"en_GB","og_type":"article","og_title":"Ochrana osobn\u00fdch \u00fadajov - Psie zn\u00e1mky z ko\u017ee","og_description":"Pred\u00e1vaj\u00facim\/prev\u00e1dzkovate\u013eom eshopu je Mgr. Peter Kr\u00e1\u013e so s\u00eddlom M\u00fdtna 114, 98553, M\u00fdtna, I\u010cO 44663919, zap\u00edsan\u00fd v \u017divnostenskom registri vedenom Okresn\u00fdm \u00faradom Lu\u010denec. \u010c\u00edslo \u017eivnostensk\u00e9ho registra: 640-13845. Pri predaji tovaru a prev\u00e1dzkovan\u00ed na\u0161ich webov\u00fdch str\u00e1nok sprac\u00favame niektor\u00e9 osobn\u00e9 \u00fadaje. Sprac\u00favanie osobn\u00fdch \u00fadajov upravuje najm\u00e4 nariadenie Eur\u00f3pskeho parlamentu a Rady (E\u00da) 2016\/679 z 27. apr\u00edla 2016 pri [&hellip;] More","og_url":"https:\/\/www.znamkyzkoze.sk\/en\/ochrana-osobnych-udajov\/","og_site_name":"Psie zn\u00e1mky z ko\u017ee","article_publisher":"https:\/\/www.facebook.com\/tenciernypes\/","article_modified_time":"2022-01-17T22:49:57+00:00","twitter_card":"summary_large_image","twitter_misc":{"Estimated reading time":"8 minutes"},"schema":{"@context":"https:\/\/schema.org","@graph":[{"@type":"WebPage","@id":"https:\/\/www.znamkyzkoze.sk\/ochrana-osobnych-udajov\/","url":"https:\/\/www.znamkyzkoze.sk\/ochrana-osobnych-udajov\/","name":"Ochrana osobn\u00fdch \u00fadajov - Psie zn\u00e1mky z ko\u017ee","isPartOf":{"@id":"https:\/\/www.znamkyzkoze.sk\/#website"},"datePublished":"2022-01-16T21:09:54+00:00","dateModified":"2022-01-17T22:49:57+00:00","breadcrumb":{"@id":"https:\/\/www.znamkyzkoze.sk\/ochrana-osobnych-udajov\/#breadcrumb"},"inLanguage":"en-GB","potentialAction":[{"@type":"ReadAction","target":["https:\/\/www.znamkyzkoze.sk\/ochrana-osobnych-udajov\/"]}]},{"@type":"BreadcrumbList","@id":"https:\/\/www.znamkyzkoze.sk\/ochrana-osobnych-udajov\/#breadcrumb","itemListElement":[{"@type":"ListItem","position":1,"name":"Domovsk\u00e1 str\u00e1nka","item":"https:\/\/www.znamkyzkoze.sk\/"},{"@type":"ListItem","position":2,"name":"Ochrana osobn\u00fdch \u00fadajov"}]},{"@type":"WebSite","@id":"https:\/\/www.znamkyzkoze.sk\/#website","url":"https:\/\/www.znamkyzkoze.sk\/","name":"Psie zn\u00e1mky z ko\u017ee","description":"psie zn\u00e1mky z pravej ko\u017ee","publisher":{"@id":"https:\/\/www.znamkyzkoze.sk\/#\/schema\/person\/ee01a72780f67ce76a73f7031d2cb5f9"},"potentialAction":[{"@type":"SearchAction","target":{"@type":"EntryPoint","urlTemplate":"https:\/\/www.znamkyzkoze.sk\/?s={search_term_string}"},"query-input":{"@type":"PropertyValueSpecification","valueRequired":true,"valueName":"search_term_string"}}],"inLanguage":"en-GB"},{"@type":["Person","Organization"],"@id":"https:\/\/www.znamkyzkoze.sk\/#\/schema\/person\/ee01a72780f67ce76a73f7031d2cb5f9","name":"Ten \u010cierny Pes","image":{"@type":"ImageObject","inLanguage":"en-GB","@id":"https:\/\/www.znamkyzkoze.sk\/#\/schema\/person\/image\/","url":"https:\/\/www.znamkyzkoze.sk\/wp-content\/uploads\/2022\/02\/logo__pes_znamky.jpg","contentUrl":"https:\/\/www.znamkyzkoze.sk\/wp-content\/uploads\/2022\/02\/logo__pes_znamky.jpg","width":600,"height":600,"caption":"Ten \u010cierny Pes"},"logo":{"@id":"https:\/\/www.znamkyzkoze.sk\/#\/schema\/person\/image\/"},"description":"Som Peter a vyr\u00e1bam kvalitn\u00e9 psie zn\u00e1mky z pravej kravskej hladenice.","sameAs":["https:\/\/www.znamkyzkoze.sk","https:\/\/www.facebook.com\/tenciernypes\/","https:\/\/www.instagram.com\/tenciernypes\/","https:\/\/sk.pinterest.com\/Tenciernypes\/"]}]}},"wps_subtitle":"","jetpack_sharing_enabled":true,"_links":{"self":[{"href":"https:\/\/www.znamkyzkoze.sk\/en\/wp-json\/wp\/v2\/pages\/3411","targetHints":{"allow":["GET"]}}],"collection":[{"href":"https:\/\/www.znamkyzkoze.sk\/en\/wp-json\/wp\/v2\/pages"}],"about":[{"href":"https:\/\/www.znamkyzkoze.sk\/en\/wp-json\/wp\/v2\/types\/page"}],"author":[{"embeddable":true,"href":"https:\/\/www.znamkyzkoze.sk\/en\/wp-json\/wp\/v2\/users\/1"}],"replies":[{"embeddable":true,"href":"https:\/\/www.znamkyzkoze.sk\/en\/wp-json\/wp\/v2\/comments?post=3411"}],"version-history":[{"count":2,"href":"https:\/\/www.znamkyzkoze.sk\/en\/wp-json\/wp\/v2\/pages\/3411\/revisions"}],"predecessor-version":[{"id":3429,"href":"https:\/\/www.znamkyzkoze.sk\/en\/wp-json\/wp\/v2\/pages\/3411\/revisions\/3429"}],"wp:attachment":[{"href":"https:\/\/www.znamkyzkoze.sk\/en\/wp-json\/wp\/v2\/media?parent=3411"}],"curies":[{"name":"wp","href":"https:\/\/api.w.org\/{rel}","templated":true}]}}