{"id":5649,"date":"2026-01-15T12:57:11","date_gmt":"2026-01-15T11:57:11","guid":{"rendered":"https:\/\/www.znamkyzkoze.sk\/?page_id=5649"},"modified":"2026-01-15T12:57:14","modified_gmt":"2026-01-15T11:57:14","slug":"mili-zakaznici","status":"publish","type":"page","link":"https:\/\/www.znamkyzkoze.sk\/en\/mili-zakaznici\/","title":{"rendered":"Mil\u00ed z\u00e1kazn\u00edci,"},"content":{"rendered":"<p>Ako n\u00e1sledok &#8222;geni\u00e1lnych&#8220; konsolida\u010dn\u00fdch opatren\u00ed vl\u00e1dy Roberta Fica sme boli n\u00faten\u00ed pozastavi\u0165 na\u0161u \u010dinnos\u0165. V pr\u00edpade, \u017ee po najbli\u017e\u0161\u00edch vo\u013eb\u00e1ch nast\u00fapi pr\u00ed\u010detn\u00e1 vl\u00e1da a tieto pre n\u00e1s likvida\u010dn\u00e9 opatrenia zru\u0161\u00ed, \u010dinnos\u0165 obnov\u00edme. Do tej doby \u010fakujeme za Va\u0161u doteraj\u0161iu priaze\u0148.<\/p><p>Znamkyzkoze.sk<\/p>","protected":false},"excerpt":{"rendered":"<p>Ako n\u00e1sledok &#8222;geni\u00e1lnych&#8220; konsolida\u010dn\u00fdch opatren\u00ed vl\u00e1dy Roberta Fica sme boli n\u00faten\u00ed pozastavi\u0165 na\u0161u \u010dinnos\u0165. V pr\u00edpade, \u017ee po najbli\u017e\u0161\u00edch vo\u013eb\u00e1ch nast\u00fapi pr\u00ed\u010detn\u00e1 vl\u00e1da a tieto pre n\u00e1s likvida\u010dn\u00e9 opatrenia zru\u0161\u00ed, \u010dinnos\u0165 obnov\u00edme. Do tej doby \u010fakujeme za Va\u0161u doteraj\u0161iu priaze\u0148. Znamkyzkoze.sk <a class=\"g1-link g1-link-more\" href=\"https:\/\/www.znamkyzkoze.sk\/en\/mili-zakaznici\/\">More<\/a><\/p>","protected":false},"author":1,"featured_media":0,"parent":0,"menu_order":0,"comment_status":"closed","ping_status":"closed","template":"","meta":{"footnotes":""},"class_list":["post-5649","page","type-page","status-publish"],"yoast_head":"<!-- This site is optimized with the Yoast SEO plugin v25.2 - https:\/\/yoast.com\/wordpress\/plugins\/seo\/ -->\n<title>Mil\u00ed z\u00e1kazn\u00edci, - Psie zn\u00e1mky z ko\u017ee<\/title>\n<meta name=\"robots\" content=\"index, follow, max-snippet:-1, max-image-preview:large, max-video-preview:-1\" \/>\n<link rel=\"canonical\" href=\"https:\/\/www.znamkyzkoze.sk\/en\/mili-zakaznici\/\" \/>\n<meta property=\"og:locale\" content=\"en_GB\" \/>\n<meta property=\"og:type\" content=\"article\" \/>\n<meta property=\"og:title\" content=\"Mil\u00ed z\u00e1kazn\u00edci, - Psie zn\u00e1mky z ko\u017ee\" \/>\n<meta property=\"og:description\" content=\"Ako n\u00e1sledok &#8222;geni\u00e1lnych&#8220; konsolida\u010dn\u00fdch opatren\u00ed vl\u00e1dy Roberta Fica sme boli n\u00faten\u00ed pozastavi\u0165 na\u0161u \u010dinnos\u0165. V pr\u00edpade, \u017ee po najbli\u017e\u0161\u00edch vo\u013eb\u00e1ch nast\u00fapi pr\u00ed\u010detn\u00e1 vl\u00e1da a tieto pre n\u00e1s likvida\u010dn\u00e9 opatrenia zru\u0161\u00ed, \u010dinnos\u0165 obnov\u00edme. Do tej doby \u010fakujeme za Va\u0161u doteraj\u0161iu priaze\u0148. Znamkyzkoze.sk More\" \/>\n<meta property=\"og:url\" content=\"https:\/\/www.znamkyzkoze.sk\/en\/mili-zakaznici\/\" \/>\n<meta property=\"og:site_name\" content=\"Psie zn\u00e1mky z ko\u017ee\" \/>\n<meta property=\"article:publisher\" content=\"https:\/\/www.facebook.com\/tenciernypes\/\" \/>\n<meta property=\"article:modified_time\" content=\"2026-01-15T11:57:14+00:00\" \/>\n<meta name=\"twitter:card\" content=\"summary_large_image\" \/>\n<meta name=\"twitter:label1\" content=\"Estimated reading time\" \/>\n\t<meta name=\"twitter:data1\" content=\"1 minute\" \/>\n<script type=\"application\/ld+json\" class=\"yoast-schema-graph\">{\"@context\":\"https:\/\/schema.org\",\"@graph\":[{\"@type\":\"WebPage\",\"@id\":\"https:\/\/www.znamkyzkoze.sk\/mili-zakaznici\/\",\"url\":\"https:\/\/www.znamkyzkoze.sk\/mili-zakaznici\/\",\"name\":\"Mil\u00ed z\u00e1kazn\u00edci, - Psie zn\u00e1mky z ko\u017ee\",\"isPartOf\":{\"@id\":\"https:\/\/www.znamkyzkoze.sk\/#website\"},\"datePublished\":\"2026-01-15T11:57:11+00:00\",\"dateModified\":\"2026-01-15T11:57:14+00:00\",\"breadcrumb\":{\"@id\":\"https:\/\/www.znamkyzkoze.sk\/mili-zakaznici\/#breadcrumb\"},\"inLanguage\":\"en-GB\",\"potentialAction\":[{\"@type\":\"ReadAction\",\"target\":[\"https:\/\/www.znamkyzkoze.sk\/mili-zakaznici\/\"]}]},{\"@type\":\"BreadcrumbList\",\"@id\":\"https:\/\/www.znamkyzkoze.sk\/mili-zakaznici\/#breadcrumb\",\"itemListElement\":[{\"@type\":\"ListItem\",\"position\":1,\"name\":\"Domovsk\u00e1 str\u00e1nka\",\"item\":\"https:\/\/www.znamkyzkoze.sk\/\"},{\"@type\":\"ListItem\",\"position\":2,\"name\":\"Mil\u00ed z\u00e1kazn\u00edci,\"}]},{\"@type\":\"WebSite\",\"@id\":\"https:\/\/www.znamkyzkoze.sk\/#website\",\"url\":\"https:\/\/www.znamkyzkoze.sk\/\",\"name\":\"Psie zn\u00e1mky z ko\u017ee\",\"description\":\"psie zn\u00e1mky z pravej ko\u017ee\",\"publisher\":{\"@id\":\"https:\/\/www.znamkyzkoze.sk\/#\/schema\/person\/ee01a72780f67ce76a73f7031d2cb5f9\"},\"potentialAction\":[{\"@type\":\"SearchAction\",\"target\":{\"@type\":\"EntryPoint\",\"urlTemplate\":\"https:\/\/www.znamkyzkoze.sk\/?s={search_term_string}\"},\"query-input\":{\"@type\":\"PropertyValueSpecification\",\"valueRequired\":true,\"valueName\":\"search_term_string\"}}],\"inLanguage\":\"en-GB\"},{\"@type\":[\"Person\",\"Organization\"],\"@id\":\"https:\/\/www.znamkyzkoze.sk\/#\/schema\/person\/ee01a72780f67ce76a73f7031d2cb5f9\",\"name\":\"Ten \u010cierny Pes\",\"image\":{\"@type\":\"ImageObject\",\"inLanguage\":\"en-GB\",\"@id\":\"https:\/\/www.znamkyzkoze.sk\/#\/schema\/person\/image\/\",\"url\":\"https:\/\/www.znamkyzkoze.sk\/wp-content\/uploads\/2022\/02\/logo__pes_znamky.jpg\",\"contentUrl\":\"https:\/\/www.znamkyzkoze.sk\/wp-content\/uploads\/2022\/02\/logo__pes_znamky.jpg\",\"width\":600,\"height\":600,\"caption\":\"Ten \u010cierny Pes\"},\"logo\":{\"@id\":\"https:\/\/www.znamkyzkoze.sk\/#\/schema\/person\/image\/\"},\"description\":\"Som Peter a vyr\u00e1bam kvalitn\u00e9 psie zn\u00e1mky z pravej kravskej hladenice.\",\"sameAs\":[\"https:\/\/www.znamkyzkoze.sk\",\"https:\/\/www.facebook.com\/tenciernypes\/\",\"https:\/\/www.instagram.com\/tenciernypes\/\",\"https:\/\/sk.pinterest.com\/Tenciernypes\/\"]}]}<\/script>\n<!-- \/ Yoast SEO plugin. -->","yoast_head_json":{"title":"Mil\u00ed z\u00e1kazn\u00edci, - Psie zn\u00e1mky z ko\u017ee","robots":{"index":"index","follow":"follow","max-snippet":"max-snippet:-1","max-image-preview":"max-image-preview:large","max-video-preview":"max-video-preview:-1"},"canonical":"https:\/\/www.znamkyzkoze.sk\/en\/mili-zakaznici\/","og_locale":"en_GB","og_type":"article","og_title":"Mil\u00ed z\u00e1kazn\u00edci, - Psie zn\u00e1mky z ko\u017ee","og_description":"Ako n\u00e1sledok &#8222;geni\u00e1lnych&#8220; konsolida\u010dn\u00fdch opatren\u00ed vl\u00e1dy Roberta Fica sme boli n\u00faten\u00ed pozastavi\u0165 na\u0161u \u010dinnos\u0165. V pr\u00edpade, \u017ee po najbli\u017e\u0161\u00edch vo\u013eb\u00e1ch nast\u00fapi pr\u00ed\u010detn\u00e1 vl\u00e1da a tieto pre n\u00e1s likvida\u010dn\u00e9 opatrenia zru\u0161\u00ed, \u010dinnos\u0165 obnov\u00edme. Do tej doby \u010fakujeme za Va\u0161u doteraj\u0161iu priaze\u0148. Znamkyzkoze.sk More","og_url":"https:\/\/www.znamkyzkoze.sk\/en\/mili-zakaznici\/","og_site_name":"Psie zn\u00e1mky z ko\u017ee","article_publisher":"https:\/\/www.facebook.com\/tenciernypes\/","article_modified_time":"2026-01-15T11:57:14+00:00","twitter_card":"summary_large_image","twitter_misc":{"Estimated reading time":"1 minute"},"schema":{"@context":"https:\/\/schema.org","@graph":[{"@type":"WebPage","@id":"https:\/\/www.znamkyzkoze.sk\/mili-zakaznici\/","url":"https:\/\/www.znamkyzkoze.sk\/mili-zakaznici\/","name":"Mil\u00ed z\u00e1kazn\u00edci, - Psie zn\u00e1mky z ko\u017ee","isPartOf":{"@id":"https:\/\/www.znamkyzkoze.sk\/#website"},"datePublished":"2026-01-15T11:57:11+00:00","dateModified":"2026-01-15T11:57:14+00:00","breadcrumb":{"@id":"https:\/\/www.znamkyzkoze.sk\/mili-zakaznici\/#breadcrumb"},"inLanguage":"en-GB","potentialAction":[{"@type":"ReadAction","target":["https:\/\/www.znamkyzkoze.sk\/mili-zakaznici\/"]}]},{"@type":"BreadcrumbList","@id":"https:\/\/www.znamkyzkoze.sk\/mili-zakaznici\/#breadcrumb","itemListElement":[{"@type":"ListItem","position":1,"name":"Domovsk\u00e1 str\u00e1nka","item":"https:\/\/www.znamkyzkoze.sk\/"},{"@type":"ListItem","position":2,"name":"Mil\u00ed z\u00e1kazn\u00edci,"}]},{"@type":"WebSite","@id":"https:\/\/www.znamkyzkoze.sk\/#website","url":"https:\/\/www.znamkyzkoze.sk\/","name":"Psie zn\u00e1mky z ko\u017ee","description":"psie zn\u00e1mky z pravej ko\u017ee","publisher":{"@id":"https:\/\/www.znamkyzkoze.sk\/#\/schema\/person\/ee01a72780f67ce76a73f7031d2cb5f9"},"potentialAction":[{"@type":"SearchAction","target":{"@type":"EntryPoint","urlTemplate":"https:\/\/www.znamkyzkoze.sk\/?s={search_term_string}"},"query-input":{"@type":"PropertyValueSpecification","valueRequired":true,"valueName":"search_term_string"}}],"inLanguage":"en-GB"},{"@type":["Person","Organization"],"@id":"https:\/\/www.znamkyzkoze.sk\/#\/schema\/person\/ee01a72780f67ce76a73f7031d2cb5f9","name":"Ten \u010cierny Pes","image":{"@type":"ImageObject","inLanguage":"en-GB","@id":"https:\/\/www.znamkyzkoze.sk\/#\/schema\/person\/image\/","url":"https:\/\/www.znamkyzkoze.sk\/wp-content\/uploads\/2022\/02\/logo__pes_znamky.jpg","contentUrl":"https:\/\/www.znamkyzkoze.sk\/wp-content\/uploads\/2022\/02\/logo__pes_znamky.jpg","width":600,"height":600,"caption":"Ten \u010cierny Pes"},"logo":{"@id":"https:\/\/www.znamkyzkoze.sk\/#\/schema\/person\/image\/"},"description":"Som Peter a vyr\u00e1bam kvalitn\u00e9 psie zn\u00e1mky z pravej kravskej hladenice.","sameAs":["https:\/\/www.znamkyzkoze.sk","https:\/\/www.facebook.com\/tenciernypes\/","https:\/\/www.instagram.com\/tenciernypes\/","https:\/\/sk.pinterest.com\/Tenciernypes\/"]}]}},"wps_subtitle":"","jetpack_sharing_enabled":true,"_links":{"self":[{"href":"https:\/\/www.znamkyzkoze.sk\/en\/wp-json\/wp\/v2\/pages\/5649","targetHints":{"allow":["GET"]}}],"collection":[{"href":"https:\/\/www.znamkyzkoze.sk\/en\/wp-json\/wp\/v2\/pages"}],"about":[{"href":"https:\/\/www.znamkyzkoze.sk\/en\/wp-json\/wp\/v2\/types\/page"}],"author":[{"embeddable":true,"href":"https:\/\/www.znamkyzkoze.sk\/en\/wp-json\/wp\/v2\/users\/1"}],"replies":[{"embeddable":true,"href":"https:\/\/www.znamkyzkoze.sk\/en\/wp-json\/wp\/v2\/comments?post=5649"}],"version-history":[{"count":1,"href":"https:\/\/www.znamkyzkoze.sk\/en\/wp-json\/wp\/v2\/pages\/5649\/revisions"}],"predecessor-version":[{"id":5651,"href":"https:\/\/www.znamkyzkoze.sk\/en\/wp-json\/wp\/v2\/pages\/5649\/revisions\/5651"}],"wp:attachment":[{"href":"https:\/\/www.znamkyzkoze.sk\/en\/wp-json\/wp\/v2\/media?parent=5649"}],"curies":[{"name":"wp","href":"https:\/\/api.w.org\/{rel}","templated":true}]}}