{"id":3174,"date":"2021-10-12T21:53:07","date_gmt":"2021-10-12T19:53:07","guid":{"rendered":"https:\/\/www.znamkyzkoze.sk\/?post_type=product&#038;p=3174"},"modified":"2024-02-19T00:12:37","modified_gmt":"2024-02-18T23:12:37","slug":"the-dogfather","status":"publish","type":"product","link":"https:\/\/www.znamkyzkoze.sk\/en\/product\/the-dogfather\/","title":{"rendered":"The Dogfather"},"content":{"rendered":"","protected":false},"excerpt":{"rendered":"<blockquote><p>It doesn't matter if you prefer book or movie these dogtags are for all the fans of this classic - The Godfather, sorry Dogfather<\/p><\/blockquote>\n<p>Text you to be engraved needs to be entered during the checkout<\/p>\n<p><em>All our dogtags are made from real cow leather - cow hide. That's a natural material of Slovak origin. Tags are cut with leather die, laser engraved, hand painted and burnished. Acrylic layer is applied. At the very end - rivet is pressed in and ring is added.<\/em> <a class=\"g1-link g1-link-more\" href=\"https:\/\/www.znamkyzkoze.sk\/en\/product\/the-dogfather\/\">More<\/a><\/p>","protected":false},"featured_media":3365,"template":"","meta":[],"reaction":[],"product_brand":[],"product_cat":[15],"product_tag":[],"class_list":{"0":"post-3174","1":"product","2":"type-product","3":"status-publish","4":"has-post-thumbnail","6":"product_cat-znamky","8":"first","9":"instock","10":"shipping-taxable","11":"product-type-variable"},"yoast_head":"<!-- This site is optimized with the Yoast SEO plugin v25.2 - https:\/\/yoast.com\/wordpress\/plugins\/seo\/ -->\n<title>The Dogfather - Psie zn\u00e1mky z ko\u017ee<\/title>\n<meta name=\"robots\" content=\"index, follow, max-snippet:-1, max-image-preview:large, max-video-preview:-1\" \/>\n<link rel=\"canonical\" href=\"https:\/\/www.znamkyzkoze.sk\/en\/product\/the-dogfather\/\" \/>\n<meta property=\"og:locale\" content=\"en_GB\" \/>\n<meta property=\"og:type\" content=\"article\" \/>\n<meta property=\"og:title\" content=\"The Dogfather - Psie zn\u00e1mky z ko\u017ee\" \/>\n<meta property=\"og:description\" content=\"\u010ci u\u017e m\u00e1te rad\u0161ej kni\u017en\u00fa predlohu alebo film, tieto zn\u00e1mky pote\u0161ia ka\u017ed\u00e9ho fan\u00fa\u0161ika tejto klasiky. Krstn\u00fd otec - The Godfather, pardon - The Dogfather. Text, ktor\u00fd si \u017eel\u00e1te vygrav\u00edrova\u0165 zadajte pros\u00edm v pokladni.  V\u0161etky na\u0161e zn\u00e1mky s\u00fa vyroben\u00e9 z\u00a0pravej hov\u00e4dzej ko\u017ee \u2013 kravskej hladenice. Je to pr\u00edrodn\u00fd materi\u00e1l slovensk\u00e9ho p\u00f4vodu. Zn\u00e1mky s\u00fa po jednej vysek\u00e1van\u00e9 \u0161peci\u00e1lnou formou, a potom ru\u010dne ma\u013eovan\u00e9. Okraje s\u00fa v\u017edy ru\u010dne zale\u0161ten\u00e9, v\u010faka \u010domu je produkt odolnej\u0161\u00ed vo\u010di vode. N\u00e1sledne je na zn\u00e1mky laserom vyp\u00e1len\u00fd po\u017eadovan\u00fd dizajn. Potom s\u00fa zn\u00e1mky natret\u00e9 ochrannou akryl\u00e1tovou vrstvou, ktor\u00e1 tie\u017e sl\u00fa\u017ei ako bari\u00e9ra proti vode. Na \u00fapln\u00fd z\u00e1ver je nalisovan\u00e9 o\u010dko a\u00a0osaden\u00fd kr\u00fa\u017eok. More\" \/>\n<meta property=\"og:url\" content=\"https:\/\/www.znamkyzkoze.sk\/en\/product\/the-dogfather\/\" \/>\n<meta property=\"og:site_name\" content=\"Psie zn\u00e1mky z ko\u017ee\" \/>\n<meta property=\"article:publisher\" content=\"https:\/\/www.facebook.com\/tenciernypes\/\" \/>\n<meta property=\"article:modified_time\" content=\"2024-02-18T23:12:37+00:00\" \/>\n<meta property=\"og:image\" content=\"https:\/\/www.znamkyzkoze.sk\/wp-content\/uploads\/2021\/10\/P1560742-scaled.jpg\" \/>\n\t<meta property=\"og:image:width\" content=\"1922\" \/>\n\t<meta property=\"og:image:height\" content=\"2560\" \/>\n\t<meta property=\"og:image:type\" content=\"image\/jpeg\" \/>\n<meta name=\"twitter:card\" content=\"summary_large_image\" \/>\n<meta name=\"twitter:label1\" content=\"Estimated reading time\" \/>\n\t<meta name=\"twitter:data1\" content=\"1 minute\" \/>\n<script type=\"application\/ld+json\" class=\"yoast-schema-graph\">{\"@context\":\"https:\/\/schema.org\",\"@graph\":[{\"@type\":\"WebPage\",\"@id\":\"https:\/\/www.znamkyzkoze.sk\/produkt\/the-dogfather\/\",\"url\":\"https:\/\/www.znamkyzkoze.sk\/produkt\/the-dogfather\/\",\"name\":\"The Dogfather - Psie zn\u00e1mky z ko\u017ee\",\"isPartOf\":{\"@id\":\"https:\/\/www.znamkyzkoze.sk\/#website\"},\"primaryImageOfPage\":{\"@id\":\"https:\/\/www.znamkyzkoze.sk\/produkt\/the-dogfather\/#primaryimage\"},\"image\":{\"@id\":\"https:\/\/www.znamkyzkoze.sk\/produkt\/the-dogfather\/#primaryimage\"},\"thumbnailUrl\":\"https:\/\/www.znamkyzkoze.sk\/wp-content\/uploads\/2021\/10\/P1560742-scaled.jpg\",\"datePublished\":\"2021-10-12T19:53:07+00:00\",\"dateModified\":\"2024-02-18T23:12:37+00:00\",\"breadcrumb\":{\"@id\":\"https:\/\/www.znamkyzkoze.sk\/produkt\/the-dogfather\/#breadcrumb\"},\"inLanguage\":\"en-GB\",\"potentialAction\":[{\"@type\":\"ReadAction\",\"target\":[\"https:\/\/www.znamkyzkoze.sk\/produkt\/the-dogfather\/\"]}]},{\"@type\":\"ImageObject\",\"inLanguage\":\"en-GB\",\"@id\":\"https:\/\/www.znamkyzkoze.sk\/produkt\/the-dogfather\/#primaryimage\",\"url\":\"https:\/\/www.znamkyzkoze.sk\/wp-content\/uploads\/2021\/10\/P1560742-scaled.jpg\",\"contentUrl\":\"https:\/\/www.znamkyzkoze.sk\/wp-content\/uploads\/2021\/10\/P1560742-scaled.jpg\",\"width\":1922,\"height\":2560},{\"@type\":\"BreadcrumbList\",\"@id\":\"https:\/\/www.znamkyzkoze.sk\/produkt\/the-dogfather\/#breadcrumb\",\"itemListElement\":[{\"@type\":\"ListItem\",\"position\":1,\"name\":\"Domovsk\u00e1 str\u00e1nka\",\"item\":\"https:\/\/www.znamkyzkoze.sk\/\"},{\"@type\":\"ListItem\",\"position\":2,\"name\":\"Obchod\",\"item\":\"https:\/\/www.znamkyzkoze.sk\/?page_id=6\"},{\"@type\":\"ListItem\",\"position\":3,\"name\":\"The Dogfather\"}]},{\"@type\":\"WebSite\",\"@id\":\"https:\/\/www.znamkyzkoze.sk\/#website\",\"url\":\"https:\/\/www.znamkyzkoze.sk\/\",\"name\":\"Psie zn\u00e1mky z ko\u017ee\",\"description\":\"psie zn\u00e1mky z pravej ko\u017ee\",\"publisher\":{\"@id\":\"https:\/\/www.znamkyzkoze.sk\/#\/schema\/person\/ee01a72780f67ce76a73f7031d2cb5f9\"},\"potentialAction\":[{\"@type\":\"SearchAction\",\"target\":{\"@type\":\"EntryPoint\",\"urlTemplate\":\"https:\/\/www.znamkyzkoze.sk\/?s={search_term_string}\"},\"query-input\":{\"@type\":\"PropertyValueSpecification\",\"valueRequired\":true,\"valueName\":\"search_term_string\"}}],\"inLanguage\":\"en-GB\"},{\"@type\":[\"Person\",\"Organization\"],\"@id\":\"https:\/\/www.znamkyzkoze.sk\/#\/schema\/person\/ee01a72780f67ce76a73f7031d2cb5f9\",\"name\":\"Ten \u010cierny Pes\",\"image\":{\"@type\":\"ImageObject\",\"inLanguage\":\"en-GB\",\"@id\":\"https:\/\/www.znamkyzkoze.sk\/#\/schema\/person\/image\/\",\"url\":\"https:\/\/www.znamkyzkoze.sk\/wp-content\/uploads\/2022\/02\/logo__pes_znamky.jpg\",\"contentUrl\":\"https:\/\/www.znamkyzkoze.sk\/wp-content\/uploads\/2022\/02\/logo__pes_znamky.jpg\",\"width\":600,\"height\":600,\"caption\":\"Ten \u010cierny Pes\"},\"logo\":{\"@id\":\"https:\/\/www.znamkyzkoze.sk\/#\/schema\/person\/image\/\"},\"description\":\"Som Peter a vyr\u00e1bam kvalitn\u00e9 psie zn\u00e1mky z pravej kravskej hladenice.\",\"sameAs\":[\"https:\/\/www.znamkyzkoze.sk\",\"https:\/\/www.facebook.com\/tenciernypes\/\",\"https:\/\/www.instagram.com\/tenciernypes\/\",\"https:\/\/sk.pinterest.com\/Tenciernypes\/\"]}]}<\/script>\n<!-- \/ Yoast SEO plugin. -->","yoast_head_json":{"title":"The Dogfather - Psie zn\u00e1mky z ko\u017ee","robots":{"index":"index","follow":"follow","max-snippet":"max-snippet:-1","max-image-preview":"max-image-preview:large","max-video-preview":"max-video-preview:-1"},"canonical":"https:\/\/www.znamkyzkoze.sk\/en\/product\/the-dogfather\/","og_locale":"en_GB","og_type":"article","og_title":"The Dogfather - Psie zn\u00e1mky z ko\u017ee","og_description":"\u010ci u\u017e m\u00e1te rad\u0161ej kni\u017en\u00fa predlohu alebo film, tieto zn\u00e1mky pote\u0161ia ka\u017ed\u00e9ho fan\u00fa\u0161ika tejto klasiky. Krstn\u00fd otec - The Godfather, pardon - The Dogfather. Text, ktor\u00fd si \u017eel\u00e1te vygrav\u00edrova\u0165 zadajte pros\u00edm v pokladni.  V\u0161etky na\u0161e zn\u00e1mky s\u00fa vyroben\u00e9 z\u00a0pravej hov\u00e4dzej ko\u017ee \u2013 kravskej hladenice. Je to pr\u00edrodn\u00fd materi\u00e1l slovensk\u00e9ho p\u00f4vodu. Zn\u00e1mky s\u00fa po jednej vysek\u00e1van\u00e9 \u0161peci\u00e1lnou formou, a potom ru\u010dne ma\u013eovan\u00e9. Okraje s\u00fa v\u017edy ru\u010dne zale\u0161ten\u00e9, v\u010faka \u010domu je produkt odolnej\u0161\u00ed vo\u010di vode. N\u00e1sledne je na zn\u00e1mky laserom vyp\u00e1len\u00fd po\u017eadovan\u00fd dizajn. Potom s\u00fa zn\u00e1mky natret\u00e9 ochrannou akryl\u00e1tovou vrstvou, ktor\u00e1 tie\u017e sl\u00fa\u017ei ako bari\u00e9ra proti vode. Na \u00fapln\u00fd z\u00e1ver je nalisovan\u00e9 o\u010dko a\u00a0osaden\u00fd kr\u00fa\u017eok. More","og_url":"https:\/\/www.znamkyzkoze.sk\/en\/product\/the-dogfather\/","og_site_name":"Psie zn\u00e1mky z ko\u017ee","article_publisher":"https:\/\/www.facebook.com\/tenciernypes\/","article_modified_time":"2024-02-18T23:12:37+00:00","og_image":[{"width":1922,"height":2560,"url":"https:\/\/www.znamkyzkoze.sk\/wp-content\/uploads\/2021\/10\/P1560742-scaled.jpg","type":"image\/jpeg"}],"twitter_card":"summary_large_image","twitter_misc":{"Estimated reading time":"1 minute"},"schema":{"@context":"https:\/\/schema.org","@graph":[{"@type":"WebPage","@id":"https:\/\/www.znamkyzkoze.sk\/produkt\/the-dogfather\/","url":"https:\/\/www.znamkyzkoze.sk\/produkt\/the-dogfather\/","name":"The Dogfather - Psie zn\u00e1mky z ko\u017ee","isPartOf":{"@id":"https:\/\/www.znamkyzkoze.sk\/#website"},"primaryImageOfPage":{"@id":"https:\/\/www.znamkyzkoze.sk\/produkt\/the-dogfather\/#primaryimage"},"image":{"@id":"https:\/\/www.znamkyzkoze.sk\/produkt\/the-dogfather\/#primaryimage"},"thumbnailUrl":"https:\/\/www.znamkyzkoze.sk\/wp-content\/uploads\/2021\/10\/P1560742-scaled.jpg","datePublished":"2021-10-12T19:53:07+00:00","dateModified":"2024-02-18T23:12:37+00:00","breadcrumb":{"@id":"https:\/\/www.znamkyzkoze.sk\/produkt\/the-dogfather\/#breadcrumb"},"inLanguage":"en-GB","potentialAction":[{"@type":"ReadAction","target":["https:\/\/www.znamkyzkoze.sk\/produkt\/the-dogfather\/"]}]},{"@type":"ImageObject","inLanguage":"en-GB","@id":"https:\/\/www.znamkyzkoze.sk\/produkt\/the-dogfather\/#primaryimage","url":"https:\/\/www.znamkyzkoze.sk\/wp-content\/uploads\/2021\/10\/P1560742-scaled.jpg","contentUrl":"https:\/\/www.znamkyzkoze.sk\/wp-content\/uploads\/2021\/10\/P1560742-scaled.jpg","width":1922,"height":2560},{"@type":"BreadcrumbList","@id":"https:\/\/www.znamkyzkoze.sk\/produkt\/the-dogfather\/#breadcrumb","itemListElement":[{"@type":"ListItem","position":1,"name":"Domovsk\u00e1 str\u00e1nka","item":"https:\/\/www.znamkyzkoze.sk\/"},{"@type":"ListItem","position":2,"name":"Obchod","item":"https:\/\/www.znamkyzkoze.sk\/?page_id=6"},{"@type":"ListItem","position":3,"name":"The Dogfather"}]},{"@type":"WebSite","@id":"https:\/\/www.znamkyzkoze.sk\/#website","url":"https:\/\/www.znamkyzkoze.sk\/","name":"Psie zn\u00e1mky z ko\u017ee","description":"psie zn\u00e1mky z pravej ko\u017ee","publisher":{"@id":"https:\/\/www.znamkyzkoze.sk\/#\/schema\/person\/ee01a72780f67ce76a73f7031d2cb5f9"},"potentialAction":[{"@type":"SearchAction","target":{"@type":"EntryPoint","urlTemplate":"https:\/\/www.znamkyzkoze.sk\/?s={search_term_string}"},"query-input":{"@type":"PropertyValueSpecification","valueRequired":true,"valueName":"search_term_string"}}],"inLanguage":"en-GB"},{"@type":["Person","Organization"],"@id":"https:\/\/www.znamkyzkoze.sk\/#\/schema\/person\/ee01a72780f67ce76a73f7031d2cb5f9","name":"Ten \u010cierny Pes","image":{"@type":"ImageObject","inLanguage":"en-GB","@id":"https:\/\/www.znamkyzkoze.sk\/#\/schema\/person\/image\/","url":"https:\/\/www.znamkyzkoze.sk\/wp-content\/uploads\/2022\/02\/logo__pes_znamky.jpg","contentUrl":"https:\/\/www.znamkyzkoze.sk\/wp-content\/uploads\/2022\/02\/logo__pes_znamky.jpg","width":600,"height":600,"caption":"Ten \u010cierny Pes"},"logo":{"@id":"https:\/\/www.znamkyzkoze.sk\/#\/schema\/person\/image\/"},"description":"Som Peter a vyr\u00e1bam kvalitn\u00e9 psie zn\u00e1mky z pravej kravskej hladenice.","sameAs":["https:\/\/www.znamkyzkoze.sk","https:\/\/www.facebook.com\/tenciernypes\/","https:\/\/www.instagram.com\/tenciernypes\/","https:\/\/sk.pinterest.com\/Tenciernypes\/"]}]}},"jetpack_sharing_enabled":true,"_links":{"self":[{"href":"https:\/\/www.znamkyzkoze.sk\/en\/wp-json\/wp\/v2\/product\/3174","targetHints":{"allow":["GET"]}}],"collection":[{"href":"https:\/\/www.znamkyzkoze.sk\/en\/wp-json\/wp\/v2\/product"}],"about":[{"href":"https:\/\/www.znamkyzkoze.sk\/en\/wp-json\/wp\/v2\/types\/product"}],"wp:featuredmedia":[{"embeddable":true,"href":"https:\/\/www.znamkyzkoze.sk\/en\/wp-json\/wp\/v2\/media\/3365"}],"wp:attachment":[{"href":"https:\/\/www.znamkyzkoze.sk\/en\/wp-json\/wp\/v2\/media?parent=3174"}],"wp:term":[{"taxonomy":"reaction","embeddable":true,"href":"https:\/\/www.znamkyzkoze.sk\/en\/wp-json\/wp\/v2\/reaction?post=3174"},{"taxonomy":"product_brand","embeddable":true,"href":"https:\/\/www.znamkyzkoze.sk\/en\/wp-json\/wp\/v2\/product_brand?post=3174"},{"taxonomy":"product_cat","embeddable":true,"href":"https:\/\/www.znamkyzkoze.sk\/en\/wp-json\/wp\/v2\/product_cat?post=3174"},{"taxonomy":"product_tag","embeddable":true,"href":"https:\/\/www.znamkyzkoze.sk\/en\/wp-json\/wp\/v2\/product_tag?post=3174"}],"curies":[{"name":"wp","href":"https:\/\/api.w.org\/{rel}","templated":true}]}}