{"id":3265,"date":"2021-10-29T23:34:54","date_gmt":"2021-10-29T21:34:54","guid":{"rendered":"https:\/\/www.znamkyzkoze.sk\/?post_type=product&#038;p=3265"},"modified":"2024-02-18T23:35:56","modified_gmt":"2024-02-18T22:35:56","slug":"littera","status":"publish","type":"product","link":"https:\/\/www.znamkyzkoze.sk\/en\/product\/littera\/","title":{"rendered":"Littera"},"content":{"rendered":"","protected":false},"excerpt":{"rendered":"<blockquote><p>V jednoduchosti je kr\u00e1sa<\/p><\/blockquote>\n<p>In this case the front tag will only contain the first letter of the name of your puppy. If you wish to have the name engraved on the rear one just let us know.<\/p>\n<p>Text you to be engraved needs to be entered during the checkout<\/p>\n<p><em>All our dogtags are made from real cow leather - cow hide. That's a natural material of Slovak origin. Tags are cut with leather die, laser engraved, hand painted and burnished. Acrylic layer is applied. At the very end - rivet is pressed in and ring is added.<\/em> <a class=\"g1-link g1-link-more\" href=\"https:\/\/www.znamkyzkoze.sk\/en\/product\/littera\/\">More<\/a><\/p>","protected":false},"featured_media":3357,"template":"","meta":[],"reaction":[],"product_brand":[],"product_cat":[15],"product_tag":[],"class_list":{"0":"post-3265","1":"product","2":"type-product","3":"status-publish","4":"has-post-thumbnail","6":"product_cat-znamky","8":"first","9":"instock","10":"shipping-taxable","11":"product-type-variable"},"yoast_head":"<!-- This site is optimized with the Yoast SEO plugin v25.2 - https:\/\/yoast.com\/wordpress\/plugins\/seo\/ -->\n<title>Littera - Psie zn\u00e1mky z ko\u017ee<\/title>\n<meta name=\"robots\" content=\"index, follow, max-snippet:-1, max-image-preview:large, max-video-preview:-1\" \/>\n<link rel=\"canonical\" href=\"https:\/\/www.znamkyzkoze.sk\/en\/product\/littera\/\" \/>\n<meta property=\"og:locale\" content=\"en_GB\" \/>\n<meta property=\"og:type\" content=\"article\" \/>\n<meta property=\"og:title\" content=\"Littera - Psie zn\u00e1mky z ko\u017ee\" \/>\n<meta property=\"og:description\" content=\"V jednoduchosti je kr\u00e1sa V tomto variante bude prv\u00e1 zn\u00e1mka obsahova\u0165 len prv\u00e9 p\u00edsmeno mena v\u00e1\u0161ho mil\u00e1\u010dika. Samozrejme je mo\u017en\u00e9 vygrav\u00edrova\u0165 ho na druh\u00fa zn\u00e1mku, v tom pr\u00edpade je potrebn\u00e9 ho uvies\u0165 aj do pol\u00ed\u010dka pre zadn\u00fa zn\u00e1mku.  Text, ktor\u00fd si \u017eel\u00e1te vygrav\u00edrova\u0165 zadajte pros\u00edm v pokladni.  V\u0161etky na\u0161e zn\u00e1mky s\u00fa vyroben\u00e9 z\u00a0pravej hov\u00e4dzej ko\u017ee \u2013 kravskej hladenice. Je to pr\u00edrodn\u00fd materi\u00e1l slovensk\u00e9ho p\u00f4vodu. Zn\u00e1mky s\u00fa po jednej vysek\u00e1van\u00e9 \u0161peci\u00e1lnou formou, a potom ru\u010dne ma\u013eovan\u00e9. Okraje s\u00fa v\u017edy ru\u010dne zale\u0161ten\u00e9, v\u010faka \u010domu je produkt odolnej\u0161\u00ed vo\u010di vode. N\u00e1sledne je na zn\u00e1mky laserom vyp\u00e1len\u00fd po\u017eadovan\u00fd dizajn. Potom s\u00fa zn\u00e1mky natret\u00e9 ochrannou akryl\u00e1tovou vrstvou, ktor\u00e1 tie\u017e sl\u00fa\u017ei ako bari\u00e9ra proti vode. Na \u00fapln\u00fd z\u00e1ver je nalisovan\u00e9 o\u010dko a\u00a0osaden\u00fd kr\u00fa\u017eok. More\" \/>\n<meta property=\"og:url\" content=\"https:\/\/www.znamkyzkoze.sk\/en\/product\/littera\/\" \/>\n<meta property=\"og:site_name\" content=\"Psie zn\u00e1mky z ko\u017ee\" \/>\n<meta property=\"article:publisher\" content=\"https:\/\/www.facebook.com\/tenciernypes\/\" \/>\n<meta property=\"article:modified_time\" content=\"2024-02-18T22:35:56+00:00\" \/>\n<meta property=\"og:image\" content=\"https:\/\/www.znamkyzkoze.sk\/wp-content\/uploads\/2021\/10\/P1560658-scaled.jpg\" \/>\n\t<meta property=\"og:image:width\" content=\"1921\" \/>\n\t<meta property=\"og:image:height\" content=\"2560\" \/>\n\t<meta property=\"og:image:type\" content=\"image\/jpeg\" \/>\n<meta name=\"twitter:card\" content=\"summary_large_image\" \/>\n<meta name=\"twitter:label1\" content=\"Estimated reading time\" \/>\n\t<meta name=\"twitter:data1\" content=\"1 minute\" \/>\n<script type=\"application\/ld+json\" class=\"yoast-schema-graph\">{\"@context\":\"https:\/\/schema.org\",\"@graph\":[{\"@type\":\"WebPage\",\"@id\":\"https:\/\/www.znamkyzkoze.sk\/produkt\/littera\/\",\"url\":\"https:\/\/www.znamkyzkoze.sk\/produkt\/littera\/\",\"name\":\"Littera - Psie zn\u00e1mky z ko\u017ee\",\"isPartOf\":{\"@id\":\"https:\/\/www.znamkyzkoze.sk\/#website\"},\"primaryImageOfPage\":{\"@id\":\"https:\/\/www.znamkyzkoze.sk\/produkt\/littera\/#primaryimage\"},\"image\":{\"@id\":\"https:\/\/www.znamkyzkoze.sk\/produkt\/littera\/#primaryimage\"},\"thumbnailUrl\":\"https:\/\/www.znamkyzkoze.sk\/wp-content\/uploads\/2021\/10\/P1560658-scaled.jpg\",\"datePublished\":\"2021-10-29T21:34:54+00:00\",\"dateModified\":\"2024-02-18T22:35:56+00:00\",\"breadcrumb\":{\"@id\":\"https:\/\/www.znamkyzkoze.sk\/produkt\/littera\/#breadcrumb\"},\"inLanguage\":\"en-GB\",\"potentialAction\":[{\"@type\":\"ReadAction\",\"target\":[\"https:\/\/www.znamkyzkoze.sk\/produkt\/littera\/\"]}]},{\"@type\":\"ImageObject\",\"inLanguage\":\"en-GB\",\"@id\":\"https:\/\/www.znamkyzkoze.sk\/produkt\/littera\/#primaryimage\",\"url\":\"https:\/\/www.znamkyzkoze.sk\/wp-content\/uploads\/2021\/10\/P1560658-scaled.jpg\",\"contentUrl\":\"https:\/\/www.znamkyzkoze.sk\/wp-content\/uploads\/2021\/10\/P1560658-scaled.jpg\",\"width\":1921,\"height\":2560},{\"@type\":\"BreadcrumbList\",\"@id\":\"https:\/\/www.znamkyzkoze.sk\/produkt\/littera\/#breadcrumb\",\"itemListElement\":[{\"@type\":\"ListItem\",\"position\":1,\"name\":\"Domovsk\u00e1 str\u00e1nka\",\"item\":\"https:\/\/www.znamkyzkoze.sk\/\"},{\"@type\":\"ListItem\",\"position\":2,\"name\":\"Obchod\",\"item\":\"https:\/\/www.znamkyzkoze.sk\/?page_id=6\"},{\"@type\":\"ListItem\",\"position\":3,\"name\":\"Littera\"}]},{\"@type\":\"WebSite\",\"@id\":\"https:\/\/www.znamkyzkoze.sk\/#website\",\"url\":\"https:\/\/www.znamkyzkoze.sk\/\",\"name\":\"Psie zn\u00e1mky z ko\u017ee\",\"description\":\"psie zn\u00e1mky z pravej ko\u017ee\",\"publisher\":{\"@id\":\"https:\/\/www.znamkyzkoze.sk\/#\/schema\/person\/ee01a72780f67ce76a73f7031d2cb5f9\"},\"potentialAction\":[{\"@type\":\"SearchAction\",\"target\":{\"@type\":\"EntryPoint\",\"urlTemplate\":\"https:\/\/www.znamkyzkoze.sk\/?s={search_term_string}\"},\"query-input\":{\"@type\":\"PropertyValueSpecification\",\"valueRequired\":true,\"valueName\":\"search_term_string\"}}],\"inLanguage\":\"en-GB\"},{\"@type\":[\"Person\",\"Organization\"],\"@id\":\"https:\/\/www.znamkyzkoze.sk\/#\/schema\/person\/ee01a72780f67ce76a73f7031d2cb5f9\",\"name\":\"Ten \u010cierny Pes\",\"image\":{\"@type\":\"ImageObject\",\"inLanguage\":\"en-GB\",\"@id\":\"https:\/\/www.znamkyzkoze.sk\/#\/schema\/person\/image\/\",\"url\":\"https:\/\/www.znamkyzkoze.sk\/wp-content\/uploads\/2022\/02\/logo__pes_znamky.jpg\",\"contentUrl\":\"https:\/\/www.znamkyzkoze.sk\/wp-content\/uploads\/2022\/02\/logo__pes_znamky.jpg\",\"width\":600,\"height\":600,\"caption\":\"Ten \u010cierny Pes\"},\"logo\":{\"@id\":\"https:\/\/www.znamkyzkoze.sk\/#\/schema\/person\/image\/\"},\"description\":\"Som Peter a vyr\u00e1bam kvalitn\u00e9 psie zn\u00e1mky z pravej kravskej hladenice.\",\"sameAs\":[\"https:\/\/www.znamkyzkoze.sk\",\"https:\/\/www.facebook.com\/tenciernypes\/\",\"https:\/\/www.instagram.com\/tenciernypes\/\",\"https:\/\/sk.pinterest.com\/Tenciernypes\/\"]}]}<\/script>\n<!-- \/ Yoast SEO plugin. -->","yoast_head_json":{"title":"Littera - Psie zn\u00e1mky z ko\u017ee","robots":{"index":"index","follow":"follow","max-snippet":"max-snippet:-1","max-image-preview":"max-image-preview:large","max-video-preview":"max-video-preview:-1"},"canonical":"https:\/\/www.znamkyzkoze.sk\/en\/product\/littera\/","og_locale":"en_GB","og_type":"article","og_title":"Littera - Psie zn\u00e1mky z ko\u017ee","og_description":"V jednoduchosti je kr\u00e1sa V tomto variante bude prv\u00e1 zn\u00e1mka obsahova\u0165 len prv\u00e9 p\u00edsmeno mena v\u00e1\u0161ho mil\u00e1\u010dika. Samozrejme je mo\u017en\u00e9 vygrav\u00edrova\u0165 ho na druh\u00fa zn\u00e1mku, v tom pr\u00edpade je potrebn\u00e9 ho uvies\u0165 aj do pol\u00ed\u010dka pre zadn\u00fa zn\u00e1mku.  Text, ktor\u00fd si \u017eel\u00e1te vygrav\u00edrova\u0165 zadajte pros\u00edm v pokladni.  V\u0161etky na\u0161e zn\u00e1mky s\u00fa vyroben\u00e9 z\u00a0pravej hov\u00e4dzej ko\u017ee \u2013 kravskej hladenice. Je to pr\u00edrodn\u00fd materi\u00e1l slovensk\u00e9ho p\u00f4vodu. Zn\u00e1mky s\u00fa po jednej vysek\u00e1van\u00e9 \u0161peci\u00e1lnou formou, a potom ru\u010dne ma\u013eovan\u00e9. Okraje s\u00fa v\u017edy ru\u010dne zale\u0161ten\u00e9, v\u010faka \u010domu je produkt odolnej\u0161\u00ed vo\u010di vode. N\u00e1sledne je na zn\u00e1mky laserom vyp\u00e1len\u00fd po\u017eadovan\u00fd dizajn. Potom s\u00fa zn\u00e1mky natret\u00e9 ochrannou akryl\u00e1tovou vrstvou, ktor\u00e1 tie\u017e sl\u00fa\u017ei ako bari\u00e9ra proti vode. Na \u00fapln\u00fd z\u00e1ver je nalisovan\u00e9 o\u010dko a\u00a0osaden\u00fd kr\u00fa\u017eok. More","og_url":"https:\/\/www.znamkyzkoze.sk\/en\/product\/littera\/","og_site_name":"Psie zn\u00e1mky z ko\u017ee","article_publisher":"https:\/\/www.facebook.com\/tenciernypes\/","article_modified_time":"2024-02-18T22:35:56+00:00","og_image":[{"width":1921,"height":2560,"url":"https:\/\/www.znamkyzkoze.sk\/wp-content\/uploads\/2021\/10\/P1560658-scaled.jpg","type":"image\/jpeg"}],"twitter_card":"summary_large_image","twitter_misc":{"Estimated reading time":"1 minute"},"schema":{"@context":"https:\/\/schema.org","@graph":[{"@type":"WebPage","@id":"https:\/\/www.znamkyzkoze.sk\/produkt\/littera\/","url":"https:\/\/www.znamkyzkoze.sk\/produkt\/littera\/","name":"Littera - Psie zn\u00e1mky z ko\u017ee","isPartOf":{"@id":"https:\/\/www.znamkyzkoze.sk\/#website"},"primaryImageOfPage":{"@id":"https:\/\/www.znamkyzkoze.sk\/produkt\/littera\/#primaryimage"},"image":{"@id":"https:\/\/www.znamkyzkoze.sk\/produkt\/littera\/#primaryimage"},"thumbnailUrl":"https:\/\/www.znamkyzkoze.sk\/wp-content\/uploads\/2021\/10\/P1560658-scaled.jpg","datePublished":"2021-10-29T21:34:54+00:00","dateModified":"2024-02-18T22:35:56+00:00","breadcrumb":{"@id":"https:\/\/www.znamkyzkoze.sk\/produkt\/littera\/#breadcrumb"},"inLanguage":"en-GB","potentialAction":[{"@type":"ReadAction","target":["https:\/\/www.znamkyzkoze.sk\/produkt\/littera\/"]}]},{"@type":"ImageObject","inLanguage":"en-GB","@id":"https:\/\/www.znamkyzkoze.sk\/produkt\/littera\/#primaryimage","url":"https:\/\/www.znamkyzkoze.sk\/wp-content\/uploads\/2021\/10\/P1560658-scaled.jpg","contentUrl":"https:\/\/www.znamkyzkoze.sk\/wp-content\/uploads\/2021\/10\/P1560658-scaled.jpg","width":1921,"height":2560},{"@type":"BreadcrumbList","@id":"https:\/\/www.znamkyzkoze.sk\/produkt\/littera\/#breadcrumb","itemListElement":[{"@type":"ListItem","position":1,"name":"Domovsk\u00e1 str\u00e1nka","item":"https:\/\/www.znamkyzkoze.sk\/"},{"@type":"ListItem","position":2,"name":"Obchod","item":"https:\/\/www.znamkyzkoze.sk\/?page_id=6"},{"@type":"ListItem","position":3,"name":"Littera"}]},{"@type":"WebSite","@id":"https:\/\/www.znamkyzkoze.sk\/#website","url":"https:\/\/www.znamkyzkoze.sk\/","name":"Psie zn\u00e1mky z ko\u017ee","description":"psie zn\u00e1mky z pravej ko\u017ee","publisher":{"@id":"https:\/\/www.znamkyzkoze.sk\/#\/schema\/person\/ee01a72780f67ce76a73f7031d2cb5f9"},"potentialAction":[{"@type":"SearchAction","target":{"@type":"EntryPoint","urlTemplate":"https:\/\/www.znamkyzkoze.sk\/?s={search_term_string}"},"query-input":{"@type":"PropertyValueSpecification","valueRequired":true,"valueName":"search_term_string"}}],"inLanguage":"en-GB"},{"@type":["Person","Organization"],"@id":"https:\/\/www.znamkyzkoze.sk\/#\/schema\/person\/ee01a72780f67ce76a73f7031d2cb5f9","name":"Ten \u010cierny Pes","image":{"@type":"ImageObject","inLanguage":"en-GB","@id":"https:\/\/www.znamkyzkoze.sk\/#\/schema\/person\/image\/","url":"https:\/\/www.znamkyzkoze.sk\/wp-content\/uploads\/2022\/02\/logo__pes_znamky.jpg","contentUrl":"https:\/\/www.znamkyzkoze.sk\/wp-content\/uploads\/2022\/02\/logo__pes_znamky.jpg","width":600,"height":600,"caption":"Ten \u010cierny Pes"},"logo":{"@id":"https:\/\/www.znamkyzkoze.sk\/#\/schema\/person\/image\/"},"description":"Som Peter a vyr\u00e1bam kvalitn\u00e9 psie zn\u00e1mky z pravej kravskej hladenice.","sameAs":["https:\/\/www.znamkyzkoze.sk","https:\/\/www.facebook.com\/tenciernypes\/","https:\/\/www.instagram.com\/tenciernypes\/","https:\/\/sk.pinterest.com\/Tenciernypes\/"]}]}},"jetpack_sharing_enabled":true,"_links":{"self":[{"href":"https:\/\/www.znamkyzkoze.sk\/en\/wp-json\/wp\/v2\/product\/3265","targetHints":{"allow":["GET"]}}],"collection":[{"href":"https:\/\/www.znamkyzkoze.sk\/en\/wp-json\/wp\/v2\/product"}],"about":[{"href":"https:\/\/www.znamkyzkoze.sk\/en\/wp-json\/wp\/v2\/types\/product"}],"wp:featuredmedia":[{"embeddable":true,"href":"https:\/\/www.znamkyzkoze.sk\/en\/wp-json\/wp\/v2\/media\/3357"}],"wp:attachment":[{"href":"https:\/\/www.znamkyzkoze.sk\/en\/wp-json\/wp\/v2\/media?parent=3265"}],"wp:term":[{"taxonomy":"reaction","embeddable":true,"href":"https:\/\/www.znamkyzkoze.sk\/en\/wp-json\/wp\/v2\/reaction?post=3265"},{"taxonomy":"product_brand","embeddable":true,"href":"https:\/\/www.znamkyzkoze.sk\/en\/wp-json\/wp\/v2\/product_brand?post=3265"},{"taxonomy":"product_cat","embeddable":true,"href":"https:\/\/www.znamkyzkoze.sk\/en\/wp-json\/wp\/v2\/product_cat?post=3265"},{"taxonomy":"product_tag","embeddable":true,"href":"https:\/\/www.znamkyzkoze.sk\/en\/wp-json\/wp\/v2\/product_tag?post=3265"}],"curies":[{"name":"wp","href":"https:\/\/api.w.org\/{rel}","templated":true}]}}